{"id":1171,"date":"2019-12-10T19:32:43","date_gmt":"2019-12-10T19:32:43","guid":{"rendered":"https:\/\/one-pointzero.com\/?page_id=1171"},"modified":"2020-08-04T20:19:30","modified_gmt":"2020-08-04T19:19:30","slug":"impressum","status":"publish","type":"page","link":"https:\/\/one-pointzero.com\/technology\/impressum\/","title":{"rendered":"IMPRESSUM"},"content":{"rendered":"<div class=\"wpb-content-wrapper\"><p>[vc_row][vc_column width=&#8221;1\/6&#8243;][\/vc_column][vc_column width=&#8221;2\/3&#8243;][vc_column_text]Angaben gem\u00e4\u00df \u00a7 5 TMG<br \/>\nOne-Point-Zero Deutschland GmbH<br \/>\nKurf\u00fcrstendamm 74a<br \/>\n10179 Berlin[\/vc_column_text][vc_column_text]<strong>Vertreten durch:<\/strong><br \/>\nEric Voigt<br \/>\nDonald Mac Callum[\/vc_column_text][vc_column_text]<strong>Kontakt:<\/strong><br \/>\nE-Mail: info@one-pointzero.com[\/vc_column_text][vc_column_text]<strong>USt ID number:<\/strong><br \/>\nDE329842688[\/vc_column_text][vc_column_text]<strong>Wirtschafts-ID:<\/strong><br \/>\nHRB 208523 B[\/vc_column_text][vc_column_text]<strong>Aufsichtsbeh\u00f6rde:<\/strong><br \/>\nAmtsgericht Charlottenburg[\/vc_column_text][vc_column_text]<strong>Haftung f\u00fcr Links<\/strong><br \/>\nUnser Angebot enth\u00e4lt Links zu externen Webseiten Dritter, auf deren Inhalte wir keinen Einfluss haben. Deshalb k\u00f6nnen wir f\u00fcr diese fremden Inhalte auch keine Gew\u00e4hr \u00fcbernehmen. F\u00fcr die Inhalte der verlinkten Seiten ist stets der jeweilige Anbieter oder Betreiber der Seiten verantwortlich. Die verlinkten Seiten wurden zum Zeitpunkt der Verlinkung auf m\u00f6gliche Rechtsverst\u00f6\u00dfe \u00fcberpr\u00fcft. Rechtswidrige Inhalte waren zum Zeitpunkt der Verlinkung nicht erkennbar. Eine permanente inhaltliche Kontrolle der verlinkten Seiten ist jedoch ohne konkrete Anhaltspunkte einer Rechtsverletzung nicht zumutbar. Bei Bekanntwerden von Rechtsverletzungen werden wir derartige Links umgehend entfernen.[\/vc_column_text][vc_column_text]<strong>Datenschutz<\/strong><br \/>\nDie Nutzung unserer Webseite ist in der Regel ohne Angabe personenbezogener Daten m\u00f6glich. Soweit auf unseren Seiten personenbezogene Daten (beispielsweise Name, Anschrift oder eMail-Adressen) erhoben werden, erfolgt dies, soweit m\u00f6glich, stets auf freiwilliger Basis. Diese Daten werden ohne Ihre ausdr\u00fcckliche Zustimmung nicht an Dritte weitergegeben. Wir weisen darauf hin, dass die Daten\u00fcbertragung im Internet (z.B. bei der Kommunikation per E-Mail) Sicherheitsl\u00fccken aufweisen kann. Ein l\u00fcckenloser Schutz der Daten vor dem Zugriff durch Dritte ist nicht m\u00f6glich. Der Nutzung von im Rahmen der Impressumspflicht ver\u00f6ffentlichten Kontaktdaten durch Dritte zur \u00dcbersendung von nicht ausdr\u00fccklich angeforderter Werbung und Informationsmaterialien wird hiermit ausdr\u00fccklich widersprochen. Die Betreiber der Seiten behalten sich ausdr\u00fccklich rechtliche Schritte im Falle der unverlangten Zusendung von Werbeinformationen, etwa durch Spam-Mails, vor.[\/vc_column_text][\/vc_column][vc_column width=&#8221;1\/6&#8243;][\/vc_column][\/vc_row]<\/p>\n<\/div>","protected":false},"excerpt":{"rendered":"<p>[vc_row][vc_column width=&#8221;1\/6&#8243;][\/vc_column][vc_column width=&#8221;2\/3&#8243;][vc_column_text]Angaben gem\u00e4\u00df \u00a7 5 TMG One-Point-Zero Deutschland GmbH Kurf\u00fcrstendamm 74a 10179 Berlin[\/vc_column_text][vc_column_text]Vertreten durch: Eric Voigt Donald Mac Callum[\/vc_column_text][vc_column_text]Kontakt: E-Mail: info@one-pointzero.com[\/vc_column_text][vc_column_text]USt ID number: DE329842688[\/vc_column_text][vc_column_text]Wirtschafts-ID: HRB 208523 B[\/vc_column_text][vc_column_text]Aufsichtsbeh\u00f6rde: Amtsgericht Charlottenburg[\/vc_column_text][vc_column_text]Haftung f\u00fcr Links Unser Angebot enth\u00e4lt Links zu externen Webseiten Dritter, auf deren Inhalte wir keinen Einfluss haben. Deshalb k\u00f6nnen wir f\u00fcr diese fremden Inhalte auch<\/p>\n","protected":false},"author":1,"featured_media":0,"parent":0,"menu_order":0,"comment_status":"closed","ping_status":"closed","template":"","meta":{"footnotes":""},"class_list":["post-1171","page","type-page","status-publish","hentry"],"yoast_head":"<!-- This site is optimized with the Yoast SEO plugin v27.4 - https:\/\/yoast.com\/product\/yoast-seo-wordpress\/ -->\n<title>IMPRESSUM - One Point Zero<\/title>\n<meta name=\"robots\" content=\"index, follow, max-snippet:-1, max-image-preview:large, max-video-preview:-1\" \/>\n<link rel=\"canonical\" href=\"https:\/\/one-pointzero.com\/technology\/impressum\/\" \/>\n<meta property=\"og:locale\" content=\"en_US\" \/>\n<meta property=\"og:type\" content=\"article\" \/>\n<meta property=\"og:title\" content=\"IMPRESSUM - One Point Zero\" \/>\n<meta property=\"og:description\" content=\"[vc_row][vc_column width=&#8221;1\/6&#8243;][\/vc_column][vc_column width=&#8221;2\/3&#8243;][vc_column_text]Angaben gem\u00e4\u00df \u00a7 5 TMG One-Point-Zero Deutschland GmbH Kurf\u00fcrstendamm 74a 10179 Berlin[\/vc_column_text][vc_column_text]Vertreten durch: Eric Voigt Donald Mac Callum[\/vc_column_text][vc_column_text]Kontakt: E-Mail: info@one-pointzero.com[\/vc_column_text][vc_column_text]USt ID number: DE329842688[\/vc_column_text][vc_column_text]Wirtschafts-ID: HRB 208523 B[\/vc_column_text][vc_column_text]Aufsichtsbeh\u00f6rde: Amtsgericht Charlottenburg[\/vc_column_text][vc_column_text]Haftung f\u00fcr Links Unser Angebot enth\u00e4lt Links zu externen Webseiten Dritter, auf deren Inhalte wir keinen Einfluss haben. Deshalb k\u00f6nnen wir f\u00fcr diese fremden Inhalte auch\" \/>\n<meta property=\"og:url\" content=\"https:\/\/one-pointzero.com\/technology\/impressum\/\" \/>\n<meta property=\"og:site_name\" content=\"One Point Zero\" \/>\n<meta property=\"article:publisher\" content=\"https:\/\/www.facebook.com\/One-Point-Zero-112737793490914\/\" \/>\n<meta property=\"article:modified_time\" content=\"2020-08-04T19:19:30+00:00\" \/>\n<meta name=\"twitter:card\" content=\"summary_large_image\" \/>\n<meta name=\"twitter:site\" content=\"@One_PointZero\" \/>\n<meta name=\"twitter:label1\" content=\"Est. reading time\" \/>\n\t<meta name=\"twitter:data1\" content=\"2 minutes\" \/>\n<script type=\"application\/ld+json\" class=\"yoast-schema-graph\">{\"@context\":\"https:\\\/\\\/schema.org\",\"@graph\":[{\"@type\":\"WebPage\",\"@id\":\"https:\\\/\\\/one-pointzero.com\\\/technology\\\/impressum\\\/\",\"url\":\"https:\\\/\\\/one-pointzero.com\\\/technology\\\/impressum\\\/\",\"name\":\"IMPRESSUM - One Point Zero\",\"isPartOf\":{\"@id\":\"https:\\\/\\\/one-pointzero.com\\\/technology\\\/#website\"},\"datePublished\":\"2019-12-10T19:32:43+00:00\",\"dateModified\":\"2020-08-04T19:19:30+00:00\",\"breadcrumb\":{\"@id\":\"https:\\\/\\\/one-pointzero.com\\\/technology\\\/impressum\\\/#breadcrumb\"},\"inLanguage\":\"en-US\",\"potentialAction\":[{\"@type\":\"ReadAction\",\"target\":[\"https:\\\/\\\/one-pointzero.com\\\/technology\\\/impressum\\\/\"]}]},{\"@type\":\"BreadcrumbList\",\"@id\":\"https:\\\/\\\/one-pointzero.com\\\/technology\\\/impressum\\\/#breadcrumb\",\"itemListElement\":[{\"@type\":\"ListItem\",\"position\":1,\"name\":\"Home\",\"item\":\"https:\\\/\\\/one-pointzero.com\\\/technology\\\/\"},{\"@type\":\"ListItem\",\"position\":2,\"name\":\"IMPRESSUM\"}]},{\"@type\":\"WebSite\",\"@id\":\"https:\\\/\\\/one-pointzero.com\\\/technology\\\/#website\",\"url\":\"https:\\\/\\\/one-pointzero.com\\\/technology\\\/\",\"name\":\"One Point Zero\",\"description\":\"Top level production management\",\"publisher\":{\"@id\":\"https:\\\/\\\/one-pointzero.com\\\/technology\\\/#organization\"},\"potentialAction\":[{\"@type\":\"SearchAction\",\"target\":{\"@type\":\"EntryPoint\",\"urlTemplate\":\"https:\\\/\\\/one-pointzero.com\\\/technology\\\/?s={search_term_string}\"},\"query-input\":{\"@type\":\"PropertyValueSpecification\",\"valueRequired\":true,\"valueName\":\"search_term_string\"}}],\"inLanguage\":\"en-US\"},{\"@type\":\"Organization\",\"@id\":\"https:\\\/\\\/one-pointzero.com\\\/technology\\\/#organization\",\"name\":\"One Point Zero\",\"url\":\"https:\\\/\\\/one-pointzero.com\\\/technology\\\/\",\"logo\":{\"@type\":\"ImageObject\",\"inLanguage\":\"en-US\",\"@id\":\"https:\\\/\\\/one-pointzero.com\\\/technology\\\/#\\\/schema\\\/logo\\\/image\\\/\",\"url\":\"https:\\\/\\\/one-pointzero.com\\\/technology\\\/wp-content\\\/uploads\\\/2019\\\/11\\\/1.0-square-colour-logo-01.jpg\",\"contentUrl\":\"https:\\\/\\\/one-pointzero.com\\\/technology\\\/wp-content\\\/uploads\\\/2019\\\/11\\\/1.0-square-colour-logo-01.jpg\",\"width\":2363,\"height\":2363,\"caption\":\"One Point Zero\"},\"image\":{\"@id\":\"https:\\\/\\\/one-pointzero.com\\\/technology\\\/#\\\/schema\\\/logo\\\/image\\\/\"},\"sameAs\":[\"https:\\\/\\\/www.facebook.com\\\/One-Point-Zero-112737793490914\\\/\",\"https:\\\/\\\/x.com\\\/One_PointZero\",\"https:\\\/\\\/www.instagram.com\\\/one_pointzero\\\/\",\"https:\\\/\\\/www.linkedin.com\\\/company\\\/1.0-one-point-zero-\\\/\"]}]}<\/script>\n<!-- \/ Yoast SEO plugin. -->","yoast_head_json":{"title":"IMPRESSUM - One Point Zero","robots":{"index":"index","follow":"follow","max-snippet":"max-snippet:-1","max-image-preview":"max-image-preview:large","max-video-preview":"max-video-preview:-1"},"canonical":"https:\/\/one-pointzero.com\/technology\/impressum\/","og_locale":"en_US","og_type":"article","og_title":"IMPRESSUM - One Point Zero","og_description":"[vc_row][vc_column width=&#8221;1\/6&#8243;][\/vc_column][vc_column width=&#8221;2\/3&#8243;][vc_column_text]Angaben gem\u00e4\u00df \u00a7 5 TMG One-Point-Zero Deutschland GmbH Kurf\u00fcrstendamm 74a 10179 Berlin[\/vc_column_text][vc_column_text]Vertreten durch: Eric Voigt Donald Mac Callum[\/vc_column_text][vc_column_text]Kontakt: E-Mail: info@one-pointzero.com[\/vc_column_text][vc_column_text]USt ID number: DE329842688[\/vc_column_text][vc_column_text]Wirtschafts-ID: HRB 208523 B[\/vc_column_text][vc_column_text]Aufsichtsbeh\u00f6rde: Amtsgericht Charlottenburg[\/vc_column_text][vc_column_text]Haftung f\u00fcr Links Unser Angebot enth\u00e4lt Links zu externen Webseiten Dritter, auf deren Inhalte wir keinen Einfluss haben. Deshalb k\u00f6nnen wir f\u00fcr diese fremden Inhalte auch","og_url":"https:\/\/one-pointzero.com\/technology\/impressum\/","og_site_name":"One Point Zero","article_publisher":"https:\/\/www.facebook.com\/One-Point-Zero-112737793490914\/","article_modified_time":"2020-08-04T19:19:30+00:00","twitter_card":"summary_large_image","twitter_site":"@One_PointZero","twitter_misc":{"Est. reading time":"2 minutes"},"schema":{"@context":"https:\/\/schema.org","@graph":[{"@type":"WebPage","@id":"https:\/\/one-pointzero.com\/technology\/impressum\/","url":"https:\/\/one-pointzero.com\/technology\/impressum\/","name":"IMPRESSUM - One Point Zero","isPartOf":{"@id":"https:\/\/one-pointzero.com\/technology\/#website"},"datePublished":"2019-12-10T19:32:43+00:00","dateModified":"2020-08-04T19:19:30+00:00","breadcrumb":{"@id":"https:\/\/one-pointzero.com\/technology\/impressum\/#breadcrumb"},"inLanguage":"en-US","potentialAction":[{"@type":"ReadAction","target":["https:\/\/one-pointzero.com\/technology\/impressum\/"]}]},{"@type":"BreadcrumbList","@id":"https:\/\/one-pointzero.com\/technology\/impressum\/#breadcrumb","itemListElement":[{"@type":"ListItem","position":1,"name":"Home","item":"https:\/\/one-pointzero.com\/technology\/"},{"@type":"ListItem","position":2,"name":"IMPRESSUM"}]},{"@type":"WebSite","@id":"https:\/\/one-pointzero.com\/technology\/#website","url":"https:\/\/one-pointzero.com\/technology\/","name":"One Point Zero","description":"Top level production management","publisher":{"@id":"https:\/\/one-pointzero.com\/technology\/#organization"},"potentialAction":[{"@type":"SearchAction","target":{"@type":"EntryPoint","urlTemplate":"https:\/\/one-pointzero.com\/technology\/?s={search_term_string}"},"query-input":{"@type":"PropertyValueSpecification","valueRequired":true,"valueName":"search_term_string"}}],"inLanguage":"en-US"},{"@type":"Organization","@id":"https:\/\/one-pointzero.com\/technology\/#organization","name":"One Point Zero","url":"https:\/\/one-pointzero.com\/technology\/","logo":{"@type":"ImageObject","inLanguage":"en-US","@id":"https:\/\/one-pointzero.com\/technology\/#\/schema\/logo\/image\/","url":"https:\/\/one-pointzero.com\/technology\/wp-content\/uploads\/2019\/11\/1.0-square-colour-logo-01.jpg","contentUrl":"https:\/\/one-pointzero.com\/technology\/wp-content\/uploads\/2019\/11\/1.0-square-colour-logo-01.jpg","width":2363,"height":2363,"caption":"One Point Zero"},"image":{"@id":"https:\/\/one-pointzero.com\/technology\/#\/schema\/logo\/image\/"},"sameAs":["https:\/\/www.facebook.com\/One-Point-Zero-112737793490914\/","https:\/\/x.com\/One_PointZero","https:\/\/www.instagram.com\/one_pointzero\/","https:\/\/www.linkedin.com\/company\/1.0-one-point-zero-\/"]}]}},"_links":{"self":[{"href":"https:\/\/one-pointzero.com\/technology\/wp-json\/wp\/v2\/pages\/1171","targetHints":{"allow":["GET"]}}],"collection":[{"href":"https:\/\/one-pointzero.com\/technology\/wp-json\/wp\/v2\/pages"}],"about":[{"href":"https:\/\/one-pointzero.com\/technology\/wp-json\/wp\/v2\/types\/page"}],"author":[{"embeddable":true,"href":"https:\/\/one-pointzero.com\/technology\/wp-json\/wp\/v2\/users\/1"}],"replies":[{"embeddable":true,"href":"https:\/\/one-pointzero.com\/technology\/wp-json\/wp\/v2\/comments?post=1171"}],"version-history":[{"count":5,"href":"https:\/\/one-pointzero.com\/technology\/wp-json\/wp\/v2\/pages\/1171\/revisions"}],"predecessor-version":[{"id":6099,"href":"https:\/\/one-pointzero.com\/technology\/wp-json\/wp\/v2\/pages\/1171\/revisions\/6099"}],"wp:attachment":[{"href":"https:\/\/one-pointzero.com\/technology\/wp-json\/wp\/v2\/media?parent=1171"}],"curies":[{"name":"wp","href":"https:\/\/api.w.org\/{rel}","templated":true}]}}