{"id":1585,"date":"2020-02-12T15:04:33","date_gmt":"2020-02-12T15:04:33","guid":{"rendered":"https:\/\/one-pointzero.com\/prozess\/"},"modified":"2020-02-24T12:50:47","modified_gmt":"2020-02-24T12:50:47","slug":"prozess","status":"publish","type":"page","link":"https:\/\/one-pointzero.com\/technology\/prozess\/?lang=de","title":{"rendered":"Prozess"},"content":{"rendered":"<div class=\"wpb-content-wrapper\"><p>[vc_row][vc_column]\n\t\t\t<!-- START OPZprocess REVOLUTION SLIDER 6.7.17 --><p class=\"rs-p-wp-fix\"><\/p>\n\t\t\t<rs-module-wrap id=\"rev_slider_3_1_wrapper\" data-source=\"gallery\" style=\"visibility:hidden;background:transparent;padding:0;margin:0px auto;margin-top:0;margin-bottom:0;\">\n\t\t\t\t<rs-module id=\"rev_slider_3_1\" style=\"\" data-version=\"6.7.17\">\n\t\t\t\t\t<rs-slides style=\"overflow: hidden; position: absolute;\">\n\t\t\t\t\t\t<rs-slide style=\"position: absolute;\" data-key=\"rs-7\" data-title=\"Process - English\" data-duration=\"5000\" data-anim=\"adpr:false;ms:50;\" data-in=\"o:0;\" data-out=\"a:false;\">\n\t\t\t\t\t\t\t<img decoding=\"async\" src=\"\/\/one-pointzero.com\/technology\/wp-content\/plugins\/revslider\/sr6\/assets\/assets\/dummy.png\" alt=\"\" title=\"onepointzero_process_banner\" width=\"2560\" height=\"1707\" class=\"rev-slidebg tp-rs-img rs-lazyload\" data-lazyload=\"\/\/one-pointzero.com\/technology\/wp-content\/uploads\/2023\/03\/onepointzero_process_banner.jpg\" data-bg=\"p:0% 40%;\" data-no-retina>\n<!--\n\t\t\t\t\t\t\t--><rs-layer\n\t\t\t\t\t\t\t\tid=\"slider-3-slide-7-layer-2\" \n\t\t\t\t\t\t\t\tclass=\"ultra-big-white\"\n\t\t\t\t\t\t\t\tdata-type=\"text\"\n\t\t\t\t\t\t\t\tdata-color=\"#a19871\"\n\t\t\t\t\t\t\t\tdata-rsp_ch=\"on\"\n\t\t\t\t\t\t\t\tdata-xy=\"x:c;xo:-48px,-48px,-48px,-52px;y:m;yo:-12px,-12px,-12px,27px;\"\n\t\t\t\t\t\t\t\tdata-text=\"s:35,35,35,25;ls:5px;fw:700;a:center;\"\n\t\t\t\t\t\t\t\tdata-dim=\"h:26px;\"\n\t\t\t\t\t\t\t\tdata-frame_0=\"sX:0.8;sY:0.8;\"\n\t\t\t\t\t\t\t\tdata-frame_1=\"e:easeInOutExpo;sp:0;\"\n\t\t\t\t\t\t\t\tdata-frame_999=\"st:w;sp:400;sR:3200;auto:true;\"\n\t\t\t\t\t\t\t\tstyle=\"z-index:9;font-family:'Montserrat';text-transform:uppercase;\"\n\t\t\t\t\t\t\t>Our process \n\t\t\t\t\t\t\t<\/rs-layer><!--\n\n\t\t\t\t\t\t\t--><rs-layer\n\t\t\t\t\t\t\t\tid=\"slider-3-slide-7-layer-12\" \n\t\t\t\t\t\t\t\tdata-type=\"shape\"\n\t\t\t\t\t\t\t\tdata-rsp_ch=\"on\"\n\t\t\t\t\t\t\t\tdata-xy=\"xo:-210px,-210px,-210px,-85px;y:m;yo:-13px,-13px,-13px,26px;\"\n\t\t\t\t\t\t\t\tdata-text=\"w:normal;s:20,20,20,7;l:0,0,0,9;\"\n\t\t\t\t\t\t\t\tdata-dim=\"w:951px,951px,951px,448px;h:126px,126px,126px,86px;\"\n\t\t\t\t\t\t\t\tdata-frame_1=\"sp:0;\"\n\t\t\t\t\t\t\t\tdata-frame_999=\"o:0;st:w;sp:400;sR:4700;\"\n\t\t\t\t\t\t\t\tstyle=\"z-index:8;background-color:rgba(255,255,255,0.75);\"\n\t\t\t\t\t\t\t> \n\t\t\t\t\t\t\t<\/rs-layer><!--\n-->\t\t\t\t\t<\/rs-slide>\n\t\t\t\t\t<\/rs-slides>\n\t\t\t\t<\/rs-module>\n\t\t\t\t<script>\n\t\t\t\t\tsetREVStartSize({c: 'rev_slider_3_1',rl:[1240,1240,1240,480],el:[500,500,500,300],gw:[1170,1170,1170,480],gh:[500,500,500,300],type:'hero',justify:'',layout:'fullwidth',mh:\"0\"});if (window.RS_MODULES!==undefined && window.RS_MODULES.modules!==undefined && window.RS_MODULES.modules[\"revslider31\"]!==undefined) {window.RS_MODULES.modules[\"revslider31\"].once = false;window.revapi3 = undefined;if (window.RS_MODULES.checkMinimal!==undefined) window.RS_MODULES.checkMinimal()}\n\t\t\t\t<\/script>\n\t\t\t<\/rs-module-wrap>\n\t\t\t<!-- END REVOLUTION SLIDER -->\n[\/vc_column][\/vc_row][vc_row][vc_column][vc_empty_space height=&#8221;75px&#8221;][\/vc_column][vc_column width=&#8221;1\/3&#8243;][vc_single_image image=&#8221;213&#8243; img_size=&#8221;200&#215;200&#8243; alignment=&#8221;center&#8221;][\/vc_column][vc_column width=&#8221;1\/3&#8243;][vc_column_text]<\/p>\n<h3><span style=\"color: #00325d;\">Unser Team aus <strong>Business Analysten<\/strong>, <strong>Designern<\/strong>, <strong>Ingenieuren<\/strong>, <strong>Softwareentwicklern<\/strong> und <strong>Prozessprofis<\/strong> verf\u00fcgt \u00fcber eine F\u00fclle von internationalen Erfahrungen, was es uns erm\u00f6glicht, Projekte nicht nur erfolgreich sondern auch nachhaltig zu gestalten.<\/span><\/h3>\n<h3><em><span style=\"color: #a19871;\">Dabei orientieren wir uns strikt an den Bed\u00fcrfnissen unserer Kunden.\u00a0<\/span><\/em><\/h3>\n<p>[\/vc_column_text][\/vc_column][vc_column width=&#8221;1\/3&#8243;][vc_column_text]<\/p>\n<h3><span style=\"color: #00325d;\">One Point Zero profitiert von den Erkenntnissen aus zahlreichen Projekten, die wir in den letzten Jahren erfolgreich umgesetzt haben. Unsere Teams sind gepr\u00e4gt von Innovation und der Faszination f\u00fcr die technischen M\u00f6glichkeiten unserer Zeit &#8211; Eigenschaften, die wir aktiv f\u00f6rdern.<\/span><\/h3>\n<p>[\/vc_column_text][\/vc_column][vc_column][vc_empty_space height=&#8221;75px&#8221;][\/vc_column][\/vc_row][vc_row equal_height=&#8221;yes&#8221; css=&#8221;.vc_custom_1574955896188{background-image: url(http:\/\/one-pointzero.com\/technology\/wp-content\/uploads\/2019\/11\/onepointzero_horizon-scaled.jpg?id=622) !important;background-position: center !important;background-repeat: no-repeat !important;background-size: cover !important;}&#8221; el_class=&#8221;process-min-height&#8221;][vc_column][vc_empty_space height=&#8221;50px&#8221;]\n\t<!-- Element: OT Process -->\n    <div class=\"de_tab tab_steps tab_4 process-bg tabs-square\">\n        <ul class=\"de_nav process-circle-textonly\">\n\t        \t            <li class=\"active wow fadeIn \" data-wow-delay=\"0.4s\">\n\t            \t<span class=\"content-mid\">\n\t            \t\t<div class=\"inner\">\t\t\n\t            \t\t\tAnalyse\t            \t\t<\/div>\n\t            \t<\/span>\t\t        \n\t\t            <div class=\"v-border\"><\/div>\n\t            <\/li>\n\t            \n\t        \t            <li class=\" wow fadeIn \" data-wow-delay=\"0.8s\">\n\t            \t<span class=\"content-mid\">\n\t            \t\t<div class=\"inner\">\t\t\n\t            \t\t\tReview\t            \t\t<\/div>\n\t            \t<\/span>\t\t        \n\t\t            <div class=\"v-border\"><\/div>\n\t            <\/li>\n\t            \n\t        \t            <li class=\" wow fadeIn \" data-wow-delay=\"1.2s\">\n\t            \t<span class=\"content-mid\">\n\t            \t\t<div class=\"inner\">\t\t\n\t            \t\t\tPlan\t            \t\t<\/div>\n\t            \t<\/span>\t\t        \n\t\t            <div class=\"v-border\"><\/div>\n\t            <\/li>\n\t            \n\t        \t            <li class=\" wow fadeIn \" data-wow-delay=\"1.6s\">\n\t            \t<span class=\"content-mid\">\n\t            \t\t<div class=\"inner\">\t\t\n\t            \t\t\tExecute\t            \t\t<\/div>\n\t            \t<\/span>\t\t        \n\t\t            <div class=\"v-border\"><\/div>\n\t            <\/li>\n\t            \n\t                <\/ul>\n\n        <div class=\"de_tab_content\">\n\t        \t            <div id=\"tab-72\" class=\"de_tab_content_inner\">\n\t                <h2><span style=\"color: #ffffff;\">The One Point Zero team internally reviews and considers every aspect of the project. We evaluate how to best service all activities and ensure <strong>nothing is left to chance<\/strong>, establishing a realistic process map to deliver <strong>a practical and sensible schedule of work<\/strong>.<\/span><\/h2>\n\t            <\/div>\n\t        \t            <div id=\"tab-609\" class=\"de_tab_content_inner\">\n\t                <h2><span style=\"color: #ffffff;\"><strong>One Point Zero<\/strong> delivers a <strong>world class service<\/strong>.<\/span><\/h2>\n<h2><span style=\"color: #ffffff;\">We lay a foundation with our clients to truly understand the project. We examine the scope, requirement and architecture of the business opportunity to agree an approach moving forward and <strong>a strategy which all parties are aligned with<\/strong>.<\/span><\/h2>\n\t            <\/div>\n\t        \t            <div id=\"tab-71\" class=\"de_tab_content_inner\">\n\t                <h2><span style=\"color: #ffffff;\">We create a <strong>detailed breakdown<\/strong> of the resource allocation, time frames and assigned team involvement to determine a <strong>predictable and reliable project schedule<\/strong>.<\/span><\/h2>\n\t            <\/div>\n\t        \t            <div id=\"tab-70\" class=\"de_tab_content_inner\">\n\t                <h2><span style=\"color: #ffffff;\"><strong>We are professionals<\/strong> and hold ourselves to the highest standards, <strong>delivering projects on time and on budget<\/strong>.<\/span><br \/>\n<span style=\"color: #ffffff;\">Our designers, engineers, manufacturers and business experts do their job, just as planned, <strong>bringing you to market in confidence<\/strong>.<\/span><\/h2>\n\t            <\/div>\n\t                <\/div>\n    <\/div>\n\n[vc_empty_space height=&#8221;50px&#8221;][\/vc_column][\/vc_row][vc_row equal_height=&#8221;yes&#8221; content_placement=&#8221;top&#8221; archi_parallax2=&#8221;yes&#8221; el_class=&#8221;text-dark&#8221; css=&#8221;.vc_custom_1574970283136{padding-top: 100px !important;padding-bottom: 100px !important;background-color: #ffffff !important;}&#8221;][vc_column][vc_column_text el_class=&#8221;font20&#8243;]<\/p>\n<h1 style=\"text-align: center;\"><span style=\"color: #a19871;\">Spezialisten f\u00fcr die Umwandlung von Hardware in Smartware und die Einf\u00fchrung neuer Gesch\u00e4ftsfelder in alternative Wirtschaftsm\u00f6glichkeiten.<\/span><\/h1>\n<p>[\/vc_column_text][vc_column_text css=&#8221;.vc_custom_1574970863463{padding-right: 15% !important;padding-left: 15% !important;}&#8221;]<\/p>\n<h3 style=\"text-align: left;\" align=\"center\"><span style=\"color: #00325d;\">One Point Zero ist die Managementgesellschaft hinter vielen erfolgreichen Produkten und Apps. Wir kennen den Wert von exzellentem Design und helfen unseren Kunden, Qualit\u00e4t, Kosten und Time-to-Market-Herausforderungen zu optimieren.<\/span><\/h3>\n<p>[\/vc_column_text][\/vc_column][\/vc_row][vc_row fullwidth=&#8221;yes&#8221; img_halfrow=&#8221;yes&#8221; halfrow_image=&#8221;341&#8243; img_columns=&#8221;6columns&#8221; img_position=&#8221;imgright&#8221; css=&#8221;.vc_custom_1574945472005{background-color: #00315c !important;}&#8221;][vc_column offset=&#8221;vc_col-lg-offset-1 vc_col-lg-4 vc_col-md-offset-1 vc_col-md-4 vc_col-xs-offset-2 vc_col-xs-8&#8243;][vc_column_text]<\/p>\n<h1 style=\"text-align: right;\"><span style=\"color: #ffffff;\">Unsere Philosophie<\/span><\/h1>\n<h4 class=\"ewa-rteLine\" style=\"text-align: right;\"><span style=\"color: #ffffff;\">Wir bieten vollst\u00e4ndige Transparenz zwischen allen Beteiligten und schaffen eine klare und ehrliche Partnerschaft bei jedem Schritt.<\/span><\/h4>\n<h4 class=\"ewa-rteLine\" style=\"text-align: right;\"><span style=\"color: #ffffff;\">Unser Wissen \u00fcber Herstellung und Logistik auf globaler Ebene erm\u00f6glicht einen k\u00fcrzeren, nahtlosen Prozess \u00fcber alle Gebiete hinweg.<\/span><\/h4>\n<p>[\/vc_column_text][\/vc_column][\/vc_row]<\/p>\n<\/div>","protected":false},"excerpt":{"rendered":"<p>[vc_row][vc_column][\/vc_column][\/vc_row][vc_row][vc_column][vc_empty_space height=&#8221;75px&#8221;][\/vc_column][vc_column width=&#8221;1\/3&#8243;][vc_single_image image=&#8221;213&#8243; img_size=&#8221;200&#215;200&#8243; alignment=&#8221;center&#8221;][\/vc_column][vc_column width=&#8221;1\/3&#8243;][vc_column_text] Unser Team aus Business Analysten, Designern, Ingenieuren, Softwareentwicklern und Prozessprofis verf\u00fcgt \u00fcber eine F\u00fclle von internationalen Erfahrungen, was es uns erm\u00f6glicht, Projekte nicht nur erfolgreich sondern auch nachhaltig zu gestalten. Dabei orientieren wir uns strikt an den Bed\u00fcrfnissen unserer Kunden.\u00a0 [\/vc_column_text][\/vc_column][vc_column width=&#8221;1\/3&#8243;][vc_column_text] One Point Zero profitiert von den<\/p>\n","protected":false},"author":1,"featured_media":0,"parent":0,"menu_order":0,"comment_status":"closed","ping_status":"closed","template":"page-templates\/template-canvas.php","meta":{"footnotes":""},"class_list":["post-1585","page","type-page","status-publish","hentry"],"yoast_head":"<!-- This site is optimized with the Yoast SEO plugin v27.4 - https:\/\/yoast.com\/product\/yoast-seo-wordpress\/ -->\n<title>Prozess - Orientating ourselves around the needs of our customers.<\/title>\n<meta name=\"description\" content=\"Specialists in converting hardware into smartware and introducing new business sectors to alternative economic opportunities.\u200b\" \/>\n<meta name=\"robots\" content=\"index, follow, max-snippet:-1, max-image-preview:large, max-video-preview:-1\" \/>\n<link rel=\"canonical\" href=\"https:\/\/one-pointzero.com\/technology\/prozess\/\" \/>\n<meta property=\"og:locale\" content=\"en_US\" \/>\n<meta property=\"og:type\" content=\"article\" \/>\n<meta property=\"og:title\" content=\"Prozess - Orientating ourselves around the needs of our customers.\" \/>\n<meta property=\"og:description\" content=\"Specialists in converting hardware into smartware and introducing new business sectors to alternative economic opportunities.\u200b\" \/>\n<meta property=\"og:url\" content=\"https:\/\/one-pointzero.com\/technology\/prozess\/?lang=de\" \/>\n<meta property=\"og:site_name\" content=\"One Point Zero\" \/>\n<meta property=\"article:publisher\" content=\"https:\/\/www.facebook.com\/One-Point-Zero-112737793490914\/\" \/>\n<meta property=\"article:modified_time\" content=\"2020-02-24T12:50:47+00:00\" \/>\n<meta name=\"twitter:card\" content=\"summary_large_image\" \/>\n<meta name=\"twitter:site\" content=\"@One_PointZero\" \/>\n<meta name=\"twitter:label1\" content=\"Est. reading time\" \/>\n\t<meta name=\"twitter:data1\" content=\"2 minutes\" \/>\n<script type=\"application\/ld+json\" class=\"yoast-schema-graph\">{\"@context\":\"https:\\\/\\\/schema.org\",\"@graph\":[{\"@type\":\"WebPage\",\"@id\":\"https:\\\/\\\/one-pointzero.com\\\/technology\\\/prozess\\\/?lang=de\",\"url\":\"https:\\\/\\\/one-pointzero.com\\\/technology\\\/prozess\\\/?lang=de\",\"name\":\"Prozess - Orientating ourselves around the needs of our customers.\",\"isPartOf\":{\"@id\":\"https:\\\/\\\/one-pointzero.com\\\/technology\\\/#website\"},\"datePublished\":\"2020-02-12T15:04:33+00:00\",\"dateModified\":\"2020-02-24T12:50:47+00:00\",\"description\":\"Specialists in converting hardware into smartware and introducing new business sectors to alternative economic opportunities.\u200b\",\"breadcrumb\":{\"@id\":\"https:\\\/\\\/one-pointzero.com\\\/technology\\\/prozess\\\/?lang=de#breadcrumb\"},\"inLanguage\":\"en-US\",\"potentialAction\":[{\"@type\":\"ReadAction\",\"target\":[\"https:\\\/\\\/one-pointzero.com\\\/technology\\\/prozess\\\/?lang=de\"]}]},{\"@type\":\"BreadcrumbList\",\"@id\":\"https:\\\/\\\/one-pointzero.com\\\/technology\\\/prozess\\\/?lang=de#breadcrumb\",\"itemListElement\":[{\"@type\":\"ListItem\",\"position\":1,\"name\":\"Home\",\"item\":\"https:\\\/\\\/one-pointzero.com\\\/technology\\\/\"},{\"@type\":\"ListItem\",\"position\":2,\"name\":\"Prozess\"}]},{\"@type\":\"WebSite\",\"@id\":\"https:\\\/\\\/one-pointzero.com\\\/technology\\\/#website\",\"url\":\"https:\\\/\\\/one-pointzero.com\\\/technology\\\/\",\"name\":\"One Point Zero\",\"description\":\"Top level production management\",\"publisher\":{\"@id\":\"https:\\\/\\\/one-pointzero.com\\\/technology\\\/#organization\"},\"potentialAction\":[{\"@type\":\"SearchAction\",\"target\":{\"@type\":\"EntryPoint\",\"urlTemplate\":\"https:\\\/\\\/one-pointzero.com\\\/technology\\\/?s={search_term_string}\"},\"query-input\":{\"@type\":\"PropertyValueSpecification\",\"valueRequired\":true,\"valueName\":\"search_term_string\"}}],\"inLanguage\":\"en-US\"},{\"@type\":\"Organization\",\"@id\":\"https:\\\/\\\/one-pointzero.com\\\/technology\\\/#organization\",\"name\":\"One Point Zero\",\"url\":\"https:\\\/\\\/one-pointzero.com\\\/technology\\\/\",\"logo\":{\"@type\":\"ImageObject\",\"inLanguage\":\"en-US\",\"@id\":\"https:\\\/\\\/one-pointzero.com\\\/technology\\\/#\\\/schema\\\/logo\\\/image\\\/\",\"url\":\"https:\\\/\\\/one-pointzero.com\\\/technology\\\/wp-content\\\/uploads\\\/2019\\\/11\\\/1.0-square-colour-logo-01.jpg\",\"contentUrl\":\"https:\\\/\\\/one-pointzero.com\\\/technology\\\/wp-content\\\/uploads\\\/2019\\\/11\\\/1.0-square-colour-logo-01.jpg\",\"width\":2363,\"height\":2363,\"caption\":\"One Point Zero\"},\"image\":{\"@id\":\"https:\\\/\\\/one-pointzero.com\\\/technology\\\/#\\\/schema\\\/logo\\\/image\\\/\"},\"sameAs\":[\"https:\\\/\\\/www.facebook.com\\\/One-Point-Zero-112737793490914\\\/\",\"https:\\\/\\\/x.com\\\/One_PointZero\",\"https:\\\/\\\/www.instagram.com\\\/one_pointzero\\\/\",\"https:\\\/\\\/www.linkedin.com\\\/company\\\/1.0-one-point-zero-\\\/\"]}]}<\/script>\n<!-- \/ Yoast SEO plugin. -->","yoast_head_json":{"title":"Prozess - Orientating ourselves around the needs of our customers.","description":"Specialists in converting hardware into smartware and introducing new business sectors to alternative economic opportunities.\u200b","robots":{"index":"index","follow":"follow","max-snippet":"max-snippet:-1","max-image-preview":"max-image-preview:large","max-video-preview":"max-video-preview:-1"},"canonical":"https:\/\/one-pointzero.com\/technology\/prozess\/","og_locale":"en_US","og_type":"article","og_title":"Prozess - Orientating ourselves around the needs of our customers.","og_description":"Specialists in converting hardware into smartware and introducing new business sectors to alternative economic opportunities.\u200b","og_url":"https:\/\/one-pointzero.com\/technology\/prozess\/?lang=de","og_site_name":"One Point Zero","article_publisher":"https:\/\/www.facebook.com\/One-Point-Zero-112737793490914\/","article_modified_time":"2020-02-24T12:50:47+00:00","twitter_card":"summary_large_image","twitter_site":"@One_PointZero","twitter_misc":{"Est. reading time":"2 minutes"},"schema":{"@context":"https:\/\/schema.org","@graph":[{"@type":"WebPage","@id":"https:\/\/one-pointzero.com\/technology\/prozess\/?lang=de","url":"https:\/\/one-pointzero.com\/technology\/prozess\/?lang=de","name":"Prozess - Orientating ourselves around the needs of our customers.","isPartOf":{"@id":"https:\/\/one-pointzero.com\/technology\/#website"},"datePublished":"2020-02-12T15:04:33+00:00","dateModified":"2020-02-24T12:50:47+00:00","description":"Specialists in converting hardware into smartware and introducing new business sectors to alternative economic opportunities.\u200b","breadcrumb":{"@id":"https:\/\/one-pointzero.com\/technology\/prozess\/?lang=de#breadcrumb"},"inLanguage":"en-US","potentialAction":[{"@type":"ReadAction","target":["https:\/\/one-pointzero.com\/technology\/prozess\/?lang=de"]}]},{"@type":"BreadcrumbList","@id":"https:\/\/one-pointzero.com\/technology\/prozess\/?lang=de#breadcrumb","itemListElement":[{"@type":"ListItem","position":1,"name":"Home","item":"https:\/\/one-pointzero.com\/technology\/"},{"@type":"ListItem","position":2,"name":"Prozess"}]},{"@type":"WebSite","@id":"https:\/\/one-pointzero.com\/technology\/#website","url":"https:\/\/one-pointzero.com\/technology\/","name":"One Point Zero","description":"Top level production management","publisher":{"@id":"https:\/\/one-pointzero.com\/technology\/#organization"},"potentialAction":[{"@type":"SearchAction","target":{"@type":"EntryPoint","urlTemplate":"https:\/\/one-pointzero.com\/technology\/?s={search_term_string}"},"query-input":{"@type":"PropertyValueSpecification","valueRequired":true,"valueName":"search_term_string"}}],"inLanguage":"en-US"},{"@type":"Organization","@id":"https:\/\/one-pointzero.com\/technology\/#organization","name":"One Point Zero","url":"https:\/\/one-pointzero.com\/technology\/","logo":{"@type":"ImageObject","inLanguage":"en-US","@id":"https:\/\/one-pointzero.com\/technology\/#\/schema\/logo\/image\/","url":"https:\/\/one-pointzero.com\/technology\/wp-content\/uploads\/2019\/11\/1.0-square-colour-logo-01.jpg","contentUrl":"https:\/\/one-pointzero.com\/technology\/wp-content\/uploads\/2019\/11\/1.0-square-colour-logo-01.jpg","width":2363,"height":2363,"caption":"One Point Zero"},"image":{"@id":"https:\/\/one-pointzero.com\/technology\/#\/schema\/logo\/image\/"},"sameAs":["https:\/\/www.facebook.com\/One-Point-Zero-112737793490914\/","https:\/\/x.com\/One_PointZero","https:\/\/www.instagram.com\/one_pointzero\/","https:\/\/www.linkedin.com\/company\/1.0-one-point-zero-\/"]}]}},"_links":{"self":[{"href":"https:\/\/one-pointzero.com\/technology\/wp-json\/wp\/v2\/pages\/1585","targetHints":{"allow":["GET"]}}],"collection":[{"href":"https:\/\/one-pointzero.com\/technology\/wp-json\/wp\/v2\/pages"}],"about":[{"href":"https:\/\/one-pointzero.com\/technology\/wp-json\/wp\/v2\/types\/page"}],"author":[{"embeddable":true,"href":"https:\/\/one-pointzero.com\/technology\/wp-json\/wp\/v2\/users\/1"}],"replies":[{"embeddable":true,"href":"https:\/\/one-pointzero.com\/technology\/wp-json\/wp\/v2\/comments?post=1585"}],"version-history":[{"count":0,"href":"https:\/\/one-pointzero.com\/technology\/wp-json\/wp\/v2\/pages\/1585\/revisions"}],"wp:attachment":[{"href":"https:\/\/one-pointzero.com\/technology\/wp-json\/wp\/v2\/media?parent=1585"}],"curies":[{"name":"wp","href":"https:\/\/api.w.org\/{rel}","templated":true}]}}