{"id":1629,"date":"2020-02-12T15:45:28","date_gmt":"2020-02-12T15:45:28","guid":{"rendered":"https:\/\/one-pointzero.com\/cookie-richtlinien\/"},"modified":"2020-02-12T18:24:36","modified_gmt":"2020-02-12T18:24:36","slug":"cookie-richtlinien","status":"publish","type":"page","link":"https:\/\/one-pointzero.com\/technology\/cookie-richtlinien\/?lang=de","title":{"rendered":"Cookie-Richtlinien"},"content":{"rendered":"<div class=\"wpb-content-wrapper\"><p>[vc_row][vc_column width=&#8221;1\/2&#8243;][vc_column_text]<\/p>\n<div class=\"cli_pg_page_contaner\">\n<h3>\u00dcber diese Cookie-Richtlinie<\/h3>\n<div>\n<p>Diese Cookie-Richtlinie erkl\u00e4rt, was Cookies sind und wie wir sie verwenden. Sie sollten diese Richtlinie lesen, um zu verstehen, was Cookies sind, wie wir sie verwenden, welche Arten von Cookies wir verwenden, d.h. welche Informationen wir mit Hilfe von Cookies sammeln und wie diese Informationen verwendet werden und wie die Cookie-Einstellungen gesteuert werden k\u00f6nnen. Weitere Informationen dar\u00fcber, wie wir Ihre pers\u00f6nlichen Daten verwenden, speichern und sicher aufbewahren, finden Sie in unserer Datenschutzerkl\u00e4rung.<\/p>\n<p>Sie k\u00f6nnen die Cookie-Erkl\u00e4rung auf unserer Website jederzeit \u00e4ndern oder Ihre Zustimmung widerrufen. In unserer Datenschutzerkl\u00e4rung k\u00f6nnen Sie mehr dar\u00fcber erfahren, wer wir sind, wie Sie uns kontaktieren k\u00f6nnen und wie wir personenbezogene Daten verarbeiten.<\/p>\n<p><strong>Ihr Einverst\u00e4ndnis gilt f\u00fcr die folgende Domain: <em><u>one-pointzero.com<\/u><\/em><\/strong><\/p>\n<\/div>\n<div>\n<p>&nbsp;<\/p>\n<\/div>\n<\/div>\n<p>[\/vc_column_text][\/vc_column][vc_column width=&#8221;1\/2&#8243;][vc_single_image image=&#8221;213&#8243; img_size=&#8221;200&#215;200&#8243; alignment=&#8221;center&#8221; css=&#8221;.vc_custom_1575999204772{margin-top: 50px !important;}&#8221;][\/vc_column][vc_column][vc_separator border_width=&#8221;2&#8243;][\/vc_column][\/vc_row][vc_row][vc_column][vc_column_text]<\/p>\n<div class=\"cli_pg_page_contaner\">\n<div>\n<h3>Was sind Cookies?<\/h3>\n<\/div>\n<div>\n<p>Cookies sind kleine Textdateien, die dazu dienen, kleine Informationen zu speichern. Die Cookies werden auf Ihrem Ger\u00e4t gespeichert, wenn die Website in Ihrem Browser geladen wird. Diese Cookies helfen uns dabei, die Website ordnungsgem\u00e4\u00df zu betreiben, die Website sicherer zu machen, eine bessere Benutzererfahrung zu bieten und zu verstehen, wie die Website funktioniert und zu analysieren, was funktioniert und was verbessert werden muss.<\/p>\n<p>Sitzungscookies werden von Ihrem Computer zur Verbesserung Ihres Nutzererlebnisses platziert und werden automatisch gel\u00f6scht, wenn Sie unsere Website verlassen oder kurz danach.<\/p>\n<\/div>\n<\/div>\n<p>[\/vc_column_text][\/vc_column][vc_column][vc_separator border_width=&#8221;2&#8243;][\/vc_column][\/vc_row][vc_row][vc_column width=&#8221;1\/2&#8243;][vc_column_text]<\/p>\n<div class=\"cli_pg_page_contaner\">\n<div>\n<h3>Wie verwenden wir Cookies?<\/h3>\n<\/div>\n<div>\n<p>Unsere Website verwendet First-Party- und Third-Party-Cookies f\u00fcr verschiedene Zwecke. Die First-Party-Cookies sind meistens notwendig, damit die Website richtig funktioniert, und sie sammeln keine Ihrer pers\u00f6nlichen Daten.<\/p>\n<p>Die auf unseren Websites verwendeten Third-Party-Cookies werden haupts\u00e4chlich verwendet, um zu verstehen, wie die Website funktioniert, wie Sie mit unserer Website interagieren, um unsere Dienste sicher zu machen, um Werbung zu liefern, die f\u00fcr Sie relevant ist, und um Ihnen insgesamt eine bessere und verbesserte Nutzererfahrung zu bieten und um Ihre zuk\u00fcnftigen Interaktionen mit unserer Website zu beschleunigen.<\/p>\n<\/div>\n<\/div>\n<p>[\/vc_column_text][\/vc_column][vc_column width=&#8221;1\/2&#8243;][vc_empty_space height=&#8221;25px&#8221;][vc_column_text]<\/p>\n<div class=\"cli_pg_page_contaner\">\n<p>One Point Zero verwendet einen Third-Party-Service &#8211; Google Analytics &#8211; um aggregierte Daten \u00fcber die Nutzung unserer Website zu sammeln. Wir verwenden diese Daten, um Ihre Erfahrungen bei der Nutzung unserer Website zu verbessern.<\/p>\n<p>Das Gesetz \u00fcber Cookies wurde im Mai 2011 ge\u00e4ndert. Websites m\u00fcssen Ihre Zustimmung erhalten, bevor sie bestimmte Arten von Cookies auf Ihrem Computer oder Handheld-Ger\u00e4t setzen,<\/p>\n<p><strong>Unsere Website verwendet jedoch keine Cookies, die Ihre Zustimmung zu uns erfordern.<\/strong><\/p>\n<\/div>\n<p>[\/vc_column_text][\/vc_column][vc_column][vc_column_text]<\/p>\n<div class=\"cli_pg_page_contaner\">\n<p><strong><u>Wir verwenden derzeit keine Cookies, um pers\u00f6nliche Einstellungen, die Sie auf unserer Website vorgenommen haben, zu speichern.<\/u><\/strong><\/p>\n<p><strong><u>Wir verwenden derzeit keine Cookies, um Daten zu sammeln, die Sie pers\u00f6nlich identifizieren.<\/u><\/strong><\/p>\n<\/div>\n<p>[\/vc_column_text][vc_separator border_width=&#8221;2&#8243;][\/vc_column][\/vc_row][vc_row][vc_column][vc_column_text]<\/p>\n<div class=\"cli_pg_page_contaner\">\n<div>\n<h3>Wie kann ich die Cookie-Einstellungen kontrollieren?<\/h3>\n<\/div>\n<div>\n<p>Sollten Sie sich dazu entschlie\u00dfen, Ihre Pr\u00e4ferenzen sp\u00e4ter w\u00e4hrend Ihrer Browsersitzung zu \u00e4ndern, k\u00f6nnen Sie auf Ihrem Bildschirm auf die Registerkarte &#8220;Datenschutz &amp; Cookie-Richtlinie&#8221; klicken. Dadurch wird die Einverst\u00e4ndniserkl\u00e4rung erneut angezeigt, so dass Sie Ihre Pr\u00e4ferenzen \u00e4ndern oder Ihre Zustimmung vollst\u00e4ndig zur\u00fcckziehen k\u00f6nnen.<\/p>\n<p>Dar\u00fcber hinaus bieten verschiedene Browser unterschiedliche Methoden zum Blockieren und L\u00f6schen von Cookies, die von Websites verwendet werden. Sie k\u00f6nnen die Einstellungen Ihres Browsers \u00e4ndern, um die Cookies zu blockieren\/l\u00f6schen. Um mehr dar\u00fcber zu erfahren, wie man Cookies verwaltet und l\u00f6scht, besuchen Sie <a href=\"http:\/\/wikipedia.org\" target=\"_blank\" rel=\"noopener noreferrer\">wikipedia.org<\/a>, <a href=\"http:\/\/www.allaboutcookies.org\" target=\"_blank\" rel=\"noopener noreferrer\">www.allaboutcookies.org<\/a>.<\/p>\n<\/div>\n<\/div>\n<p>[\/vc_column_text][vc_separator border_width=&#8221;2&#8243;][vc_column_text]<\/p>\n<p>Google Analytics setzt mehrere Cookies auf Ihrem Browser. Wir kontrollieren die Verwendung dieser Third-Party-Cookies nicht, und Sie sollten Googles Datenschutzbestimmungen \u00fcberpr\u00fcfen, wenn Sie Bedenken haben.<\/p>\n<table>\n<tbody>\n<tr>\n<td width=\"129\"><strong>Service<\/strong><\/td>\n<td width=\"178\"><strong>Cookie name<\/strong><\/td>\n<td width=\"262\"><strong>Duration<\/strong><\/td>\n<\/tr>\n<tr>\n<td width=\"129\">Google Analytics<\/td>\n<td width=\"178\">_utma<\/td>\n<td width=\"262\">2 years<\/td>\n<\/tr>\n<tr>\n<td width=\"129\">Google Analytics<\/td>\n<td width=\"178\">_utmb<\/td>\n<td width=\"262\">After 30 minutes of inactivity<\/td>\n<\/tr>\n<tr>\n<td width=\"129\">Google Analytics<\/td>\n<td width=\"178\">_utmc<\/td>\n<td width=\"262\">When you close your browser<\/td>\n<\/tr>\n<tr>\n<td width=\"129\">Google Analytics<\/td>\n<td width=\"178\">_utmz<\/td>\n<td width=\"262\">6 months<\/td>\n<\/tr>\n<tr>\n<td width=\"129\">Google Analytics<\/td>\n<td width=\"178\">_utmv<\/td>\n<td width=\"262\">2 years<\/td>\n<\/tr>\n<\/tbody>\n<\/table>\n<p>[\/vc_column_text][vc_column_text]<\/p>\n<p>Unsere Website verwendet Cookies, um festzustellen, ob Sie unserer Cookie-Richtlinie zugestimmt haben, und um sich zu merken, welche Pr\u00e4ferenzen Sie gew\u00e4hlt haben. Diese Cookies enthalten keine privaten oder pers\u00f6nlichen Informationen.<\/p>\n<table>\n<tbody>\n<tr>\n<td width=\"129\"><strong>Service<\/strong><\/td>\n<td width=\"178\"><strong>Cookie name<\/strong><\/td>\n<td width=\"262\"><strong>Duration<\/strong><\/td>\n<\/tr>\n<tr>\n<td width=\"129\">Cookie Consent<\/td>\n<td width=\"178\">cookielawinfo-checkbox-necessary<\/td>\n<td width=\"262\">30 Minutes<\/td>\n<\/tr>\n<tr>\n<td width=\"129\">Cookie Consent<\/td>\n<td width=\"178\">cookielawinfo-checkbox-non-necessary<\/td>\n<td width=\"262\">30 Minutes<\/td>\n<\/tr>\n<tr>\n<td width=\"129\">Cookie Consent<\/td>\n<td width=\"178\">viewed_cookie_policy<\/td>\n<td width=\"262\">Until Cache is cleared<\/td>\n<\/tr>\n<\/tbody>\n<\/table>\n<p>[\/vc_column_text][vc_column_text]Unsere Website verwendet Cookies, um festzustellen, ob Sie als Service-Administrator eingeloggt sind. Sie k\u00f6nnen sich nur dann als Administrator einloggen, wenn Sie von einem Mitglied des One Point Zero Webteams den Zugang zu Ihrem Konto erhalten haben. Diese Cookies werden nur verwendet, wenn sich ein Benutzer einloggt.<\/p>\n<table>\n<tbody>\n<tr>\n<td width=\"129\"><strong>Service<\/strong><\/td>\n<td width=\"178\"><strong>Cookie name<\/strong><\/td>\n<td width=\"262\"><strong>Duration<\/strong><\/td>\n<\/tr>\n<tr>\n<td width=\"129\">WooCommerce<\/td>\n<td width=\"178\">tk_ai<\/td>\n<td width=\"262\">Session<\/td>\n<\/tr>\n<\/tbody>\n<\/table>\n<p>[\/vc_column_text][\/vc_column][\/vc_row]<\/p>\n<\/div>","protected":false},"excerpt":{"rendered":"<p>[vc_row][vc_column width=&#8221;1\/2&#8243;][vc_column_text] \u00dcber diese Cookie-Richtlinie Diese Cookie-Richtlinie erkl\u00e4rt, was Cookies sind und wie wir sie verwenden. Sie sollten diese Richtlinie lesen, um zu verstehen, was Cookies sind, wie wir sie verwenden, welche Arten von Cookies wir verwenden, d.h. welche Informationen wir mit Hilfe von Cookies sammeln und wie diese Informationen verwendet werden und wie die<\/p>\n","protected":false},"author":1,"featured_media":0,"parent":0,"menu_order":0,"comment_status":"closed","ping_status":"closed","template":"","meta":{"footnotes":""},"class_list":["post-1629","page","type-page","status-publish","hentry"],"yoast_head":"<!-- This site is optimized with the Yoast SEO plugin v27.4 - https:\/\/yoast.com\/product\/yoast-seo-wordpress\/ -->\n<title>Cookie-Richtlinien - How we use cookies on our website<\/title>\n<meta name=\"description\" content=\"How we use cookies to run our website and what they do.\" \/>\n<meta name=\"robots\" content=\"index, follow, max-snippet:-1, max-image-preview:large, max-video-preview:-1\" \/>\n<link rel=\"canonical\" href=\"https:\/\/one-pointzero.com\/technology\/cookie-richtlinien\/\" \/>\n<meta property=\"og:locale\" content=\"en_US\" \/>\n<meta property=\"og:type\" content=\"article\" \/>\n<meta property=\"og:title\" content=\"Cookie-Richtlinien - How we use cookies on our website\" \/>\n<meta property=\"og:description\" content=\"How we use cookies to run our website and what they do.\" \/>\n<meta property=\"og:url\" content=\"https:\/\/one-pointzero.com\/technology\/cookie-richtlinien\/?lang=de\" \/>\n<meta property=\"og:site_name\" content=\"One Point Zero\" \/>\n<meta property=\"article:publisher\" content=\"https:\/\/www.facebook.com\/One-Point-Zero-112737793490914\/\" \/>\n<meta property=\"article:modified_time\" content=\"2020-02-12T18:24:36+00:00\" \/>\n<meta name=\"twitter:card\" content=\"summary_large_image\" \/>\n<meta name=\"twitter:site\" content=\"@One_PointZero\" \/>\n<meta name=\"twitter:label1\" content=\"Est. reading time\" \/>\n\t<meta name=\"twitter:data1\" content=\"4 minutes\" \/>\n<script type=\"application\/ld+json\" class=\"yoast-schema-graph\">{\"@context\":\"https:\\\/\\\/schema.org\",\"@graph\":[{\"@type\":\"WebPage\",\"@id\":\"https:\\\/\\\/one-pointzero.com\\\/technology\\\/cookie-richtlinien\\\/?lang=de\",\"url\":\"https:\\\/\\\/one-pointzero.com\\\/technology\\\/cookie-richtlinien\\\/?lang=de\",\"name\":\"Cookie-Richtlinien - How we use cookies on our website\",\"isPartOf\":{\"@id\":\"https:\\\/\\\/one-pointzero.com\\\/technology\\\/#website\"},\"datePublished\":\"2020-02-12T15:45:28+00:00\",\"dateModified\":\"2020-02-12T18:24:36+00:00\",\"description\":\"How we use cookies to run our website and what they do.\",\"breadcrumb\":{\"@id\":\"https:\\\/\\\/one-pointzero.com\\\/technology\\\/cookie-richtlinien\\\/?lang=de#breadcrumb\"},\"inLanguage\":\"en-US\",\"potentialAction\":[{\"@type\":\"ReadAction\",\"target\":[\"https:\\\/\\\/one-pointzero.com\\\/technology\\\/cookie-richtlinien\\\/?lang=de\"]}]},{\"@type\":\"BreadcrumbList\",\"@id\":\"https:\\\/\\\/one-pointzero.com\\\/technology\\\/cookie-richtlinien\\\/?lang=de#breadcrumb\",\"itemListElement\":[{\"@type\":\"ListItem\",\"position\":1,\"name\":\"Home\",\"item\":\"https:\\\/\\\/one-pointzero.com\\\/technology\\\/\"},{\"@type\":\"ListItem\",\"position\":2,\"name\":\"Cookie-Richtlinien\"}]},{\"@type\":\"WebSite\",\"@id\":\"https:\\\/\\\/one-pointzero.com\\\/technology\\\/#website\",\"url\":\"https:\\\/\\\/one-pointzero.com\\\/technology\\\/\",\"name\":\"One Point Zero\",\"description\":\"Top level production management\",\"publisher\":{\"@id\":\"https:\\\/\\\/one-pointzero.com\\\/technology\\\/#organization\"},\"potentialAction\":[{\"@type\":\"SearchAction\",\"target\":{\"@type\":\"EntryPoint\",\"urlTemplate\":\"https:\\\/\\\/one-pointzero.com\\\/technology\\\/?s={search_term_string}\"},\"query-input\":{\"@type\":\"PropertyValueSpecification\",\"valueRequired\":true,\"valueName\":\"search_term_string\"}}],\"inLanguage\":\"en-US\"},{\"@type\":\"Organization\",\"@id\":\"https:\\\/\\\/one-pointzero.com\\\/technology\\\/#organization\",\"name\":\"One Point Zero\",\"url\":\"https:\\\/\\\/one-pointzero.com\\\/technology\\\/\",\"logo\":{\"@type\":\"ImageObject\",\"inLanguage\":\"en-US\",\"@id\":\"https:\\\/\\\/one-pointzero.com\\\/technology\\\/#\\\/schema\\\/logo\\\/image\\\/\",\"url\":\"https:\\\/\\\/one-pointzero.com\\\/technology\\\/wp-content\\\/uploads\\\/2019\\\/11\\\/1.0-square-colour-logo-01.jpg\",\"contentUrl\":\"https:\\\/\\\/one-pointzero.com\\\/technology\\\/wp-content\\\/uploads\\\/2019\\\/11\\\/1.0-square-colour-logo-01.jpg\",\"width\":2363,\"height\":2363,\"caption\":\"One Point Zero\"},\"image\":{\"@id\":\"https:\\\/\\\/one-pointzero.com\\\/technology\\\/#\\\/schema\\\/logo\\\/image\\\/\"},\"sameAs\":[\"https:\\\/\\\/www.facebook.com\\\/One-Point-Zero-112737793490914\\\/\",\"https:\\\/\\\/x.com\\\/One_PointZero\",\"https:\\\/\\\/www.instagram.com\\\/one_pointzero\\\/\",\"https:\\\/\\\/www.linkedin.com\\\/company\\\/1.0-one-point-zero-\\\/\"]}]}<\/script>\n<!-- \/ Yoast SEO plugin. -->","yoast_head_json":{"title":"Cookie-Richtlinien - How we use cookies on our website","description":"How we use cookies to run our website and what they do.","robots":{"index":"index","follow":"follow","max-snippet":"max-snippet:-1","max-image-preview":"max-image-preview:large","max-video-preview":"max-video-preview:-1"},"canonical":"https:\/\/one-pointzero.com\/technology\/cookie-richtlinien\/","og_locale":"en_US","og_type":"article","og_title":"Cookie-Richtlinien - How we use cookies on our website","og_description":"How we use cookies to run our website and what they do.","og_url":"https:\/\/one-pointzero.com\/technology\/cookie-richtlinien\/?lang=de","og_site_name":"One Point Zero","article_publisher":"https:\/\/www.facebook.com\/One-Point-Zero-112737793490914\/","article_modified_time":"2020-02-12T18:24:36+00:00","twitter_card":"summary_large_image","twitter_site":"@One_PointZero","twitter_misc":{"Est. reading time":"4 minutes"},"schema":{"@context":"https:\/\/schema.org","@graph":[{"@type":"WebPage","@id":"https:\/\/one-pointzero.com\/technology\/cookie-richtlinien\/?lang=de","url":"https:\/\/one-pointzero.com\/technology\/cookie-richtlinien\/?lang=de","name":"Cookie-Richtlinien - How we use cookies on our website","isPartOf":{"@id":"https:\/\/one-pointzero.com\/technology\/#website"},"datePublished":"2020-02-12T15:45:28+00:00","dateModified":"2020-02-12T18:24:36+00:00","description":"How we use cookies to run our website and what they do.","breadcrumb":{"@id":"https:\/\/one-pointzero.com\/technology\/cookie-richtlinien\/?lang=de#breadcrumb"},"inLanguage":"en-US","potentialAction":[{"@type":"ReadAction","target":["https:\/\/one-pointzero.com\/technology\/cookie-richtlinien\/?lang=de"]}]},{"@type":"BreadcrumbList","@id":"https:\/\/one-pointzero.com\/technology\/cookie-richtlinien\/?lang=de#breadcrumb","itemListElement":[{"@type":"ListItem","position":1,"name":"Home","item":"https:\/\/one-pointzero.com\/technology\/"},{"@type":"ListItem","position":2,"name":"Cookie-Richtlinien"}]},{"@type":"WebSite","@id":"https:\/\/one-pointzero.com\/technology\/#website","url":"https:\/\/one-pointzero.com\/technology\/","name":"One Point Zero","description":"Top level production management","publisher":{"@id":"https:\/\/one-pointzero.com\/technology\/#organization"},"potentialAction":[{"@type":"SearchAction","target":{"@type":"EntryPoint","urlTemplate":"https:\/\/one-pointzero.com\/technology\/?s={search_term_string}"},"query-input":{"@type":"PropertyValueSpecification","valueRequired":true,"valueName":"search_term_string"}}],"inLanguage":"en-US"},{"@type":"Organization","@id":"https:\/\/one-pointzero.com\/technology\/#organization","name":"One Point Zero","url":"https:\/\/one-pointzero.com\/technology\/","logo":{"@type":"ImageObject","inLanguage":"en-US","@id":"https:\/\/one-pointzero.com\/technology\/#\/schema\/logo\/image\/","url":"https:\/\/one-pointzero.com\/technology\/wp-content\/uploads\/2019\/11\/1.0-square-colour-logo-01.jpg","contentUrl":"https:\/\/one-pointzero.com\/technology\/wp-content\/uploads\/2019\/11\/1.0-square-colour-logo-01.jpg","width":2363,"height":2363,"caption":"One Point Zero"},"image":{"@id":"https:\/\/one-pointzero.com\/technology\/#\/schema\/logo\/image\/"},"sameAs":["https:\/\/www.facebook.com\/One-Point-Zero-112737793490914\/","https:\/\/x.com\/One_PointZero","https:\/\/www.instagram.com\/one_pointzero\/","https:\/\/www.linkedin.com\/company\/1.0-one-point-zero-\/"]}]}},"_links":{"self":[{"href":"https:\/\/one-pointzero.com\/technology\/wp-json\/wp\/v2\/pages\/1629","targetHints":{"allow":["GET"]}}],"collection":[{"href":"https:\/\/one-pointzero.com\/technology\/wp-json\/wp\/v2\/pages"}],"about":[{"href":"https:\/\/one-pointzero.com\/technology\/wp-json\/wp\/v2\/types\/page"}],"author":[{"embeddable":true,"href":"https:\/\/one-pointzero.com\/technology\/wp-json\/wp\/v2\/users\/1"}],"replies":[{"embeddable":true,"href":"https:\/\/one-pointzero.com\/technology\/wp-json\/wp\/v2\/comments?post=1629"}],"version-history":[{"count":0,"href":"https:\/\/one-pointzero.com\/technology\/wp-json\/wp\/v2\/pages\/1629\/revisions"}],"wp:attachment":[{"href":"https:\/\/one-pointzero.com\/technology\/wp-json\/wp\/v2\/media?parent=1629"}],"curies":[{"name":"wp","href":"https:\/\/api.w.org\/{rel}","templated":true}]}}