{"id":1800,"date":"2019-11-27T21:33:11","date_gmt":"2019-11-27T21:33:11","guid":{"rendered":"https:\/\/one-pointzero.com\/etudes-de-cas\/"},"modified":"2023-07-13T20:16:17","modified_gmt":"2023-07-13T19:16:17","slug":"etudes-de-cas","status":"publish","type":"page","link":"https:\/\/one-pointzero.com\/technology\/etudes-de-cas\/?lang=fr","title":{"rendered":"\u00c9tudes de cas"},"content":{"rendered":"<div class=\"wpb-content-wrapper\"><p>[vc_row][vc_column]\n\t\t\t<!-- START OPZcasestudy REVOLUTION SLIDER 6.7.17 --><p class=\"rs-p-wp-fix\"><\/p>\n\t\t\t<rs-module-wrap id=\"rev_slider_7_1_wrapper\" data-source=\"gallery\" style=\"visibility:hidden;background:transparent;padding:0;margin:0px auto;margin-top:0;margin-bottom:0;\">\n\t\t\t\t<rs-module id=\"rev_slider_7_1\" style=\"\" data-version=\"6.7.17\">\n\t\t\t\t\t<rs-slides style=\"overflow: hidden; position: absolute;\">\n\t\t\t\t\t\t<rs-slide style=\"position: absolute;\" data-key=\"rs-15\" data-title=\"Case Studies - English\" data-duration=\"5000\" data-anim=\"adpr:false;ms:50;\" data-in=\"o:0;\" data-out=\"a:false;\">\n\t\t\t\t\t\t\t<img decoding=\"async\" src=\"\/\/one-pointzero.com\/technology\/wp-content\/plugins\/revslider\/sr6\/assets\/assets\/dummy.png\" alt=\"\" title=\"onepointzero_logistics\" width=\"2560\" height=\"1707\" class=\"rev-slidebg tp-rs-img rs-lazyload\" data-lazyload=\"\/\/one-pointzero.com\/technology\/wp-content\/uploads\/2023\/03\/onepointzero_logistics-scaled.jpg\" data-bg=\"p:0% 40%;\" data-no-retina>\n<!--\n\t\t\t\t\t\t\t--><rs-layer\n\t\t\t\t\t\t\t\tid=\"slider-7-slide-15-layer-2\" \n\t\t\t\t\t\t\t\tclass=\"ultra-big-white\"\n\t\t\t\t\t\t\t\tdata-type=\"text\"\n\t\t\t\t\t\t\t\tdata-color=\"#a19871\"\n\t\t\t\t\t\t\t\tdata-rsp_ch=\"on\"\n\t\t\t\t\t\t\t\tdata-xy=\"x:c;xo:-286px,-286px,-286px,-51px;y:m;yo:0,0,0,56px;\"\n\t\t\t\t\t\t\t\tdata-text=\"s:50,50,50,35;ls:5px;fw:600;a:center;\"\n\t\t\t\t\t\t\t\tdata-frame_0=\"sX:0.8;sY:0.8;\"\n\t\t\t\t\t\t\t\tdata-frame_1=\"e:easeInOutExpo;sp:0;\"\n\t\t\t\t\t\t\t\tdata-frame_999=\"st:w;sp:400;sR:3200;auto:true;\"\n\t\t\t\t\t\t\t\tstyle=\"z-index:9;font-family:'Montserrat';text-transform:uppercase;\"\n\t\t\t\t\t\t\t>Case Studies \n\t\t\t\t\t\t\t<\/rs-layer><!--\n\n\t\t\t\t\t\t\t--><rs-layer\n\t\t\t\t\t\t\t\tid=\"slider-7-slide-15-layer-12\" \n\t\t\t\t\t\t\t\tdata-type=\"shape\"\n\t\t\t\t\t\t\t\tdata-rsp_ch=\"on\"\n\t\t\t\t\t\t\t\tdata-xy=\"xo:-251px,-251px,-251px,-20px;y:m;yo:0,0,0,54px;\"\n\t\t\t\t\t\t\t\tdata-text=\"w:normal;s:20,20,20,7;l:0,0,0,9;\"\n\t\t\t\t\t\t\t\tdata-dim=\"w:870px,870px,870px,399px;h:226px,226px,226px,91px;\"\n\t\t\t\t\t\t\t\tdata-frame_1=\"sp:0;\"\n\t\t\t\t\t\t\t\tdata-frame_999=\"o:0;st:w;sp:400;sR:4700;\"\n\t\t\t\t\t\t\t\tstyle=\"z-index:8;background-color:rgba(255,255,255,0.75);\"\n\t\t\t\t\t\t\t> \n\t\t\t\t\t\t\t<\/rs-layer><!--\n-->\t\t\t\t\t<\/rs-slide>\n\t\t\t\t\t<\/rs-slides>\n\t\t\t\t<\/rs-module>\n\t\t\t\t<script>\n\t\t\t\t\tsetREVStartSize({c: 'rev_slider_7_1',rl:[1240,1240,1240,480],el:[500,500,500,300],gw:[1170,1170,1170,480],gh:[500,500,500,300],type:'hero',justify:'',layout:'fullwidth',mh:\"0\"});if (window.RS_MODULES!==undefined && window.RS_MODULES.modules!==undefined && window.RS_MODULES.modules[\"revslider71\"]!==undefined) {window.RS_MODULES.modules[\"revslider71\"].once = false;window.revapi7 = undefined;if (window.RS_MODULES.checkMinimal!==undefined) window.RS_MODULES.checkMinimal()}\n\t\t\t\t<\/script>\n\t\t\t<\/rs-module-wrap>\n\t\t\t<!-- END REVOLUTION SLIDER -->\n[vc_empty_space height=&#8221;50px&#8221;][vc_column_text]<\/p>\n<h1 style=\"text-align: center;\"><span style=\"color: #a19871;\">One Point Zero &#8211; Un leader exemplaire<\/span><\/h1>\n<p>[\/vc_column_text][vc_column_text css=&#8221;.vc_custom_1575573458840{padding-right: 5% !important;padding-left: 5% !important;}&#8221;]<\/p>\n<h4 style=\"text-align: left;\"><span style=\"color: #00325d;\">Dans des industries en \u00e9volution permanente, le succ\u00e8s d&#8217;une entreprise est assur\u00e9 par la mise sur le march\u00e9 de produits innovants de mani\u00e8re rapide et efficace.<\/span><br \/>\n<span style=\"color: #00325d;\">Pour cela, nous combinons l&#8217;expertise technologique avec les connaissances des m\u00e9thodes de fabrication pour mieux faire face \u00e0 ce challenge.<\/span><br \/>\n<span style=\"color: #00325d;\">Notre r\u00e9seau global parfaitement r\u00f4d\u00e9 nous permet de produire les designs les plus avanc\u00e9s, en allant chercher \u00e0 leur source les derni\u00e8res technologies et en mettant en oeuvre nos expertises des m\u00e9thodes de production et des cha\u00eenes logistiques.<\/span><\/h4>\n<p>[\/vc_column_text][\/vc_column][\/vc_row][vc_row][vc_column width=&#8221;1\/3&#8243; el_class=&#8221;portfolio-sections&#8221;][vc_single_image image=&#8221;2192&#8243; img_size=&#8221;350&#215;250&#8243; alignment=&#8221;center&#8221;][vc_btn title=&#8221;SAMU Drone&#8221; style=&#8221;classic&#8221; shape=&#8221;square&#8221; color=&#8221;inverse&#8221; align=&#8221;center&#8221; i_align=&#8221;right&#8221; i_icon_fontawesome=&#8221;&#8221; add_icon=&#8221;true&#8221; link=&#8221;url:https%3A%2F%2Fone-pointzero.com%2Ftechnology%2Fportfolio%2Fdrone-samu%2F%3Flang%3Dfr|title:SAMU%20Drone|&#8221; el_class=&#8221;casestudy_bttn&#8221;][\/vc_column][vc_column width=&#8221;1\/3&#8243; el_class=&#8221;portfolio-sections&#8221;][vc_single_image image=&#8221;2550&#8243; img_size=&#8221;350&#215;250&#8243; alignment=&#8221;center&#8221;][vc_btn title=&#8221;Wi Sensor&#8221; style=&#8221;classic&#8221; shape=&#8221;square&#8221; color=&#8221;inverse&#8221; align=&#8221;center&#8221; i_align=&#8221;right&#8221; i_icon_fontawesome=&#8221;&#8221; add_icon=&#8221;true&#8221; link=&#8221;url:https%3A%2F%2Fone-pointzero.com%2Ftechnology%2Fportfolio%2Fwi-sensor%2F%3Flang%3Dfr|title:Wi%20Sensor|&#8221; el_class=&#8221;casestudy_bttn&#8221;][\/vc_column][vc_column width=&#8221;1\/3&#8243; el_class=&#8221;portfolio-sections&#8221;][vc_single_image image=&#8221;1935&#8243; img_size=&#8221;350&#215;250&#8243; alignment=&#8221;center&#8221;][vc_btn title=&#8221;Businova&#8221; style=&#8221;classic&#8221; shape=&#8221;square&#8221; color=&#8221;inverse&#8221; align=&#8221;center&#8221; i_align=&#8221;right&#8221; i_icon_fontawesome=&#8221;&#8221; add_icon=&#8221;true&#8221; link=&#8221;url:https%3A%2F%2Fone-pointzero.com%2Ftechnology%2Fportfolio%2Fbusinova%2F%3Flang%3Dfr|title:Businova|&#8221; el_class=&#8221;casestudy_bttn&#8221;][\/vc_column][vc_column width=&#8221;1\/3&#8243; el_class=&#8221;portfolio-sections&#8221;][vc_single_image image=&#8221;1960&#8243; img_size=&#8221;350&#215;250&#8243; alignment=&#8221;center&#8221;][vc_btn title=&#8221;Optista Dry&#8221; style=&#8221;classic&#8221; shape=&#8221;square&#8221; color=&#8221;inverse&#8221; align=&#8221;center&#8221; i_align=&#8221;right&#8221; i_icon_fontawesome=&#8221;&#8221; add_icon=&#8221;true&#8221; link=&#8221;url:https%3A%2F%2Fone-pointzero.com%2Ftechnology%2Fportfolio%2Foptista-dry%2F%3Flang%3Dfr|title:Optista|&#8221; el_class=&#8221;casestudy_bttn&#8221;][\/vc_column][vc_column width=&#8221;1\/3&#8243; el_class=&#8221;portfolio-sections&#8221;][vc_single_image image=&#8221;2559&#8243; img_size=&#8221;350&#215;250&#8243; alignment=&#8221;center&#8221;][vc_btn title=&#8221;Dentii&#8221; style=&#8221;classic&#8221; shape=&#8221;square&#8221; color=&#8221;inverse&#8221; align=&#8221;center&#8221; i_align=&#8221;right&#8221; i_icon_fontawesome=&#8221;&#8221; add_icon=&#8221;true&#8221; link=&#8221;url:https%3A%2F%2Fone-pointzero.com%2Ftechnology%2Fportfolio%2Fdentii%2F%3Flang%3Dfr|title:Dentii|&#8221; el_class=&#8221;casestudy_bttn&#8221;][\/vc_column][vc_column width=&#8221;1\/3&#8243; el_class=&#8221;portfolio-sections&#8221;][vc_single_image image=&#8221;2590&#8243; img_size=&#8221;350&#215;250&#8243; alignment=&#8221;center&#8221;][vc_btn title=&#8221;Range Master&#8221; style=&#8221;classic&#8221; shape=&#8221;square&#8221; color=&#8221;inverse&#8221; align=&#8221;center&#8221; i_align=&#8221;right&#8221; i_icon_fontawesome=&#8221;&#8221; add_icon=&#8221;true&#8221; link=&#8221;url:https%3A%2F%2Fone-pointzero.com%2Ftechnology%2Fportfolio%2Frangemaster%2F%3Flang%3Dfr|title:Rangemaster|&#8221; el_class=&#8221;casestudy_bttn&#8221;][\/vc_column][vc_column width=&#8221;1\/3&#8243; el_class=&#8221;portfolio-sections&#8221;][vc_single_image image=&#8221;2141&#8243; img_size=&#8221;350&#215;250&#8243; alignment=&#8221;center&#8221;][vc_btn title=&#8221;Solio&#8221; style=&#8221;classic&#8221; shape=&#8221;square&#8221; color=&#8221;inverse&#8221; align=&#8221;center&#8221; i_align=&#8221;right&#8221; i_icon_fontawesome=&#8221;&#8221; add_icon=&#8221;true&#8221; link=&#8221;url:https%3A%2F%2Fone-pointzero.com%2Ftechnology%2Fportfolio%2Fsolio%2F%3Flang%3Dfr|title:Solio|&#8221; el_class=&#8221;casestudy_bttn&#8221;][\/vc_column][\/vc_row]<\/p>\n<\/div>","protected":false},"excerpt":{"rendered":"<p>[vc_row][vc_column][vc_empty_space height=&#8221;50px&#8221;][vc_column_text] One Point Zero &#8211; Un leader exemplaire [\/vc_column_text][vc_column_text css=&#8221;.vc_custom_1575573458840{padding-right: 5% !important;padding-left: 5% !important;}&#8221;] Dans des industries en \u00e9volution permanente, le succ\u00e8s d&#8217;une entreprise est assur\u00e9 par la mise sur le march\u00e9 de produits innovants de mani\u00e8re rapide et efficace. Pour cela, nous combinons l&#8217;expertise technologique avec les connaissances des m\u00e9thodes de fabrication pour<\/p>\n","protected":false},"author":1,"featured_media":0,"parent":0,"menu_order":0,"comment_status":"closed","ping_status":"closed","template":"page-templates\/template-canvas.php","meta":{"footnotes":""},"class_list":["post-1800","page","type-page","status-publish","hentry"],"yoast_head":"<!-- This site is optimized with the Yoast SEO plugin v27.4 - https:\/\/yoast.com\/product\/yoast-seo-wordpress\/ -->\n<title>\u00c9tudes de cas - Understanding the needs of our customers.<\/title>\n<meta name=\"description\" content=\"Through our audited global network, we produce a higher level of design through technology, manufacture and supply chain optimization.\" \/>\n<meta name=\"robots\" content=\"index, follow, max-snippet:-1, max-image-preview:large, max-video-preview:-1\" \/>\n<link rel=\"canonical\" href=\"https:\/\/one-pointzero.com\/technology\/etudes-de-cas\/\" \/>\n<meta property=\"og:locale\" content=\"en_US\" \/>\n<meta property=\"og:type\" content=\"article\" \/>\n<meta property=\"og:title\" content=\"\u00c9tudes de cas - Understanding the needs of our customers.\" \/>\n<meta property=\"og:description\" content=\"Through our audited global network, we produce a higher level of design through technology, manufacture and supply chain optimization.\" \/>\n<meta property=\"og:url\" content=\"https:\/\/one-pointzero.com\/technology\/etudes-de-cas\/?lang=fr\" \/>\n<meta property=\"og:site_name\" content=\"One Point Zero\" \/>\n<meta property=\"article:publisher\" content=\"https:\/\/www.facebook.com\/One-Point-Zero-112737793490914\/\" \/>\n<meta property=\"article:modified_time\" content=\"2023-07-13T19:16:17+00:00\" \/>\n<meta name=\"twitter:card\" content=\"summary_large_image\" \/>\n<meta name=\"twitter:site\" content=\"@One_PointZero\" \/>\n<meta name=\"twitter:label1\" content=\"Est. reading time\" \/>\n\t<meta name=\"twitter:data1\" content=\"3 minutes\" \/>\n<script type=\"application\/ld+json\" class=\"yoast-schema-graph\">{\"@context\":\"https:\\\/\\\/schema.org\",\"@graph\":[{\"@type\":\"WebPage\",\"@id\":\"https:\\\/\\\/one-pointzero.com\\\/technology\\\/etudes-de-cas\\\/?lang=fr\",\"url\":\"https:\\\/\\\/one-pointzero.com\\\/technology\\\/etudes-de-cas\\\/?lang=fr\",\"name\":\"\u00c9tudes de cas - Understanding the needs of our customers.\",\"isPartOf\":{\"@id\":\"https:\\\/\\\/one-pointzero.com\\\/technology\\\/#website\"},\"datePublished\":\"2019-11-27T21:33:11+00:00\",\"dateModified\":\"2023-07-13T19:16:17+00:00\",\"description\":\"Through our audited global network, we produce a higher level of design through technology, manufacture and supply chain optimization.\",\"breadcrumb\":{\"@id\":\"https:\\\/\\\/one-pointzero.com\\\/technology\\\/etudes-de-cas\\\/?lang=fr#breadcrumb\"},\"inLanguage\":\"en-US\",\"potentialAction\":[{\"@type\":\"ReadAction\",\"target\":[\"https:\\\/\\\/one-pointzero.com\\\/technology\\\/etudes-de-cas\\\/?lang=fr\"]}]},{\"@type\":\"BreadcrumbList\",\"@id\":\"https:\\\/\\\/one-pointzero.com\\\/technology\\\/etudes-de-cas\\\/?lang=fr#breadcrumb\",\"itemListElement\":[{\"@type\":\"ListItem\",\"position\":1,\"name\":\"Home\",\"item\":\"https:\\\/\\\/one-pointzero.com\\\/technology\\\/\"},{\"@type\":\"ListItem\",\"position\":2,\"name\":\"\u00c9tudes de cas\"}]},{\"@type\":\"WebSite\",\"@id\":\"https:\\\/\\\/one-pointzero.com\\\/technology\\\/#website\",\"url\":\"https:\\\/\\\/one-pointzero.com\\\/technology\\\/\",\"name\":\"One Point Zero\",\"description\":\"Top level production management\",\"publisher\":{\"@id\":\"https:\\\/\\\/one-pointzero.com\\\/technology\\\/#organization\"},\"potentialAction\":[{\"@type\":\"SearchAction\",\"target\":{\"@type\":\"EntryPoint\",\"urlTemplate\":\"https:\\\/\\\/one-pointzero.com\\\/technology\\\/?s={search_term_string}\"},\"query-input\":{\"@type\":\"PropertyValueSpecification\",\"valueRequired\":true,\"valueName\":\"search_term_string\"}}],\"inLanguage\":\"en-US\"},{\"@type\":\"Organization\",\"@id\":\"https:\\\/\\\/one-pointzero.com\\\/technology\\\/#organization\",\"name\":\"One Point Zero\",\"url\":\"https:\\\/\\\/one-pointzero.com\\\/technology\\\/\",\"logo\":{\"@type\":\"ImageObject\",\"inLanguage\":\"en-US\",\"@id\":\"https:\\\/\\\/one-pointzero.com\\\/technology\\\/#\\\/schema\\\/logo\\\/image\\\/\",\"url\":\"https:\\\/\\\/one-pointzero.com\\\/technology\\\/wp-content\\\/uploads\\\/2019\\\/11\\\/1.0-square-colour-logo-01.jpg\",\"contentUrl\":\"https:\\\/\\\/one-pointzero.com\\\/technology\\\/wp-content\\\/uploads\\\/2019\\\/11\\\/1.0-square-colour-logo-01.jpg\",\"width\":2363,\"height\":2363,\"caption\":\"One Point Zero\"},\"image\":{\"@id\":\"https:\\\/\\\/one-pointzero.com\\\/technology\\\/#\\\/schema\\\/logo\\\/image\\\/\"},\"sameAs\":[\"https:\\\/\\\/www.facebook.com\\\/One-Point-Zero-112737793490914\\\/\",\"https:\\\/\\\/x.com\\\/One_PointZero\",\"https:\\\/\\\/www.instagram.com\\\/one_pointzero\\\/\",\"https:\\\/\\\/www.linkedin.com\\\/company\\\/1.0-one-point-zero-\\\/\"]}]}<\/script>\n<!-- \/ Yoast SEO plugin. -->","yoast_head_json":{"title":"\u00c9tudes de cas - Understanding the needs of our customers.","description":"Through our audited global network, we produce a higher level of design through technology, manufacture and supply chain optimization.","robots":{"index":"index","follow":"follow","max-snippet":"max-snippet:-1","max-image-preview":"max-image-preview:large","max-video-preview":"max-video-preview:-1"},"canonical":"https:\/\/one-pointzero.com\/technology\/etudes-de-cas\/","og_locale":"en_US","og_type":"article","og_title":"\u00c9tudes de cas - Understanding the needs of our customers.","og_description":"Through our audited global network, we produce a higher level of design through technology, manufacture and supply chain optimization.","og_url":"https:\/\/one-pointzero.com\/technology\/etudes-de-cas\/?lang=fr","og_site_name":"One Point Zero","article_publisher":"https:\/\/www.facebook.com\/One-Point-Zero-112737793490914\/","article_modified_time":"2023-07-13T19:16:17+00:00","twitter_card":"summary_large_image","twitter_site":"@One_PointZero","twitter_misc":{"Est. reading time":"3 minutes"},"schema":{"@context":"https:\/\/schema.org","@graph":[{"@type":"WebPage","@id":"https:\/\/one-pointzero.com\/technology\/etudes-de-cas\/?lang=fr","url":"https:\/\/one-pointzero.com\/technology\/etudes-de-cas\/?lang=fr","name":"\u00c9tudes de cas - Understanding the needs of our customers.","isPartOf":{"@id":"https:\/\/one-pointzero.com\/technology\/#website"},"datePublished":"2019-11-27T21:33:11+00:00","dateModified":"2023-07-13T19:16:17+00:00","description":"Through our audited global network, we produce a higher level of design through technology, manufacture and supply chain optimization.","breadcrumb":{"@id":"https:\/\/one-pointzero.com\/technology\/etudes-de-cas\/?lang=fr#breadcrumb"},"inLanguage":"en-US","potentialAction":[{"@type":"ReadAction","target":["https:\/\/one-pointzero.com\/technology\/etudes-de-cas\/?lang=fr"]}]},{"@type":"BreadcrumbList","@id":"https:\/\/one-pointzero.com\/technology\/etudes-de-cas\/?lang=fr#breadcrumb","itemListElement":[{"@type":"ListItem","position":1,"name":"Home","item":"https:\/\/one-pointzero.com\/technology\/"},{"@type":"ListItem","position":2,"name":"\u00c9tudes de cas"}]},{"@type":"WebSite","@id":"https:\/\/one-pointzero.com\/technology\/#website","url":"https:\/\/one-pointzero.com\/technology\/","name":"One Point Zero","description":"Top level production management","publisher":{"@id":"https:\/\/one-pointzero.com\/technology\/#organization"},"potentialAction":[{"@type":"SearchAction","target":{"@type":"EntryPoint","urlTemplate":"https:\/\/one-pointzero.com\/technology\/?s={search_term_string}"},"query-input":{"@type":"PropertyValueSpecification","valueRequired":true,"valueName":"search_term_string"}}],"inLanguage":"en-US"},{"@type":"Organization","@id":"https:\/\/one-pointzero.com\/technology\/#organization","name":"One Point Zero","url":"https:\/\/one-pointzero.com\/technology\/","logo":{"@type":"ImageObject","inLanguage":"en-US","@id":"https:\/\/one-pointzero.com\/technology\/#\/schema\/logo\/image\/","url":"https:\/\/one-pointzero.com\/technology\/wp-content\/uploads\/2019\/11\/1.0-square-colour-logo-01.jpg","contentUrl":"https:\/\/one-pointzero.com\/technology\/wp-content\/uploads\/2019\/11\/1.0-square-colour-logo-01.jpg","width":2363,"height":2363,"caption":"One Point Zero"},"image":{"@id":"https:\/\/one-pointzero.com\/technology\/#\/schema\/logo\/image\/"},"sameAs":["https:\/\/www.facebook.com\/One-Point-Zero-112737793490914\/","https:\/\/x.com\/One_PointZero","https:\/\/www.instagram.com\/one_pointzero\/","https:\/\/www.linkedin.com\/company\/1.0-one-point-zero-\/"]}]}},"_links":{"self":[{"href":"https:\/\/one-pointzero.com\/technology\/wp-json\/wp\/v2\/pages\/1800","targetHints":{"allow":["GET"]}}],"collection":[{"href":"https:\/\/one-pointzero.com\/technology\/wp-json\/wp\/v2\/pages"}],"about":[{"href":"https:\/\/one-pointzero.com\/technology\/wp-json\/wp\/v2\/types\/page"}],"author":[{"embeddable":true,"href":"https:\/\/one-pointzero.com\/technology\/wp-json\/wp\/v2\/users\/1"}],"replies":[{"embeddable":true,"href":"https:\/\/one-pointzero.com\/technology\/wp-json\/wp\/v2\/comments?post=1800"}],"version-history":[{"count":81,"href":"https:\/\/one-pointzero.com\/technology\/wp-json\/wp\/v2\/pages\/1800\/revisions"}],"predecessor-version":[{"id":9027,"href":"https:\/\/one-pointzero.com\/technology\/wp-json\/wp\/v2\/pages\/1800\/revisions\/9027"}],"wp:attachment":[{"href":"https:\/\/one-pointzero.com\/technology\/wp-json\/wp\/v2\/media?parent=1800"}],"curies":[{"name":"wp","href":"https:\/\/api.w.org\/{rel}","templated":true}]}}