{"id":1811,"date":"2020-02-13T14:05:43","date_gmt":"2020-02-13T14:05:43","guid":{"rendered":"https:\/\/one-pointzero.com\/processus\/"},"modified":"2020-11-11T18:43:32","modified_gmt":"2020-11-11T18:43:32","slug":"processus","status":"publish","type":"page","link":"https:\/\/one-pointzero.com\/technology\/processus\/?lang=fr","title":{"rendered":"Processus"},"content":{"rendered":"<div class=\"wpb-content-wrapper\"><p>[vc_row][vc_column]<\/p>\n\n\t\t\t<!-- START OPZprocess REVOLUTION SLIDER 6.7.17 --><p class=\"rs-p-wp-fix\"><\/p>\n\t\t\t<rs-module-wrap id=\"rev_slider_3_1_wrapper\" data-source=\"gallery\" style=\"visibility:hidden;background:transparent;padding:0;margin:0px auto;margin-top:0;margin-bottom:0;\">\n\t\t\t\t<rs-module id=\"rev_slider_3_1\" style=\"\" data-version=\"6.7.17\">\n\t\t\t\t\t<rs-slides style=\"overflow: hidden; position: absolute;\">\n\t\t\t\t\t\t<rs-slide style=\"position: absolute;\" data-key=\"rs-7\" data-title=\"Process - English\" data-duration=\"5000\" data-anim=\"adpr:false;ms:50;\" data-in=\"o:0;\" data-out=\"a:false;\">\n\t\t\t\t\t\t\t<img decoding=\"async\" src=\"\/\/one-pointzero.com\/technology\/wp-content\/plugins\/revslider\/sr6\/assets\/assets\/dummy.png\" alt=\"\" title=\"onepointzero_process_banner\" width=\"2560\" height=\"1707\" class=\"rev-slidebg tp-rs-img rs-lazyload\" data-lazyload=\"\/\/one-pointzero.com\/technology\/wp-content\/uploads\/2023\/03\/onepointzero_process_banner.jpg\" data-bg=\"p:0% 40%;\" data-no-retina>\n<!--\n\t\t\t\t\t\t\t--><rs-layer\n\t\t\t\t\t\t\t\tid=\"slider-3-slide-7-layer-2\" \n\t\t\t\t\t\t\t\tclass=\"ultra-big-white\"\n\t\t\t\t\t\t\t\tdata-type=\"text\"\n\t\t\t\t\t\t\t\tdata-color=\"#a19871\"\n\t\t\t\t\t\t\t\tdata-rsp_ch=\"on\"\n\t\t\t\t\t\t\t\tdata-xy=\"x:c;xo:-48px,-48px,-48px,-52px;y:m;yo:-12px,-12px,-12px,27px;\"\n\t\t\t\t\t\t\t\tdata-text=\"s:35,35,35,25;ls:5px;fw:700;a:center;\"\n\t\t\t\t\t\t\t\tdata-dim=\"h:26px;\"\n\t\t\t\t\t\t\t\tdata-frame_0=\"sX:0.8;sY:0.8;\"\n\t\t\t\t\t\t\t\tdata-frame_1=\"e:easeInOutExpo;sp:0;\"\n\t\t\t\t\t\t\t\tdata-frame_999=\"st:w;sp:400;sR:3200;auto:true;\"\n\t\t\t\t\t\t\t\tstyle=\"z-index:9;font-family:'Montserrat';text-transform:uppercase;\"\n\t\t\t\t\t\t\t>Our process \n\t\t\t\t\t\t\t<\/rs-layer><!--\n\n\t\t\t\t\t\t\t--><rs-layer\n\t\t\t\t\t\t\t\tid=\"slider-3-slide-7-layer-12\" \n\t\t\t\t\t\t\t\tdata-type=\"shape\"\n\t\t\t\t\t\t\t\tdata-rsp_ch=\"on\"\n\t\t\t\t\t\t\t\tdata-xy=\"xo:-210px,-210px,-210px,-85px;y:m;yo:-13px,-13px,-13px,26px;\"\n\t\t\t\t\t\t\t\tdata-text=\"w:normal;s:20,20,20,7;l:0,0,0,9;\"\n\t\t\t\t\t\t\t\tdata-dim=\"w:951px,951px,951px,448px;h:126px,126px,126px,86px;\"\n\t\t\t\t\t\t\t\tdata-frame_1=\"sp:0;\"\n\t\t\t\t\t\t\t\tdata-frame_999=\"o:0;st:w;sp:400;sR:4700;\"\n\t\t\t\t\t\t\t\tstyle=\"z-index:8;background-color:rgba(255,255,255,0.75);\"\n\t\t\t\t\t\t\t> \n\t\t\t\t\t\t\t<\/rs-layer><!--\n-->\t\t\t\t\t<\/rs-slide>\n\t\t\t\t\t<\/rs-slides>\n\t\t\t\t<\/rs-module>\n\t\t\t\t<script>\n\t\t\t\t\tsetREVStartSize({c: 'rev_slider_3_1',rl:[1240,1240,1240,480],el:[500,500,500,300],gw:[1170,1170,1170,480],gh:[500,500,500,300],type:'hero',justify:'',layout:'fullwidth',mh:\"0\"});if (window.RS_MODULES!==undefined && window.RS_MODULES.modules!==undefined && window.RS_MODULES.modules[\"revslider31\"]!==undefined) {window.RS_MODULES.modules[\"revslider31\"].once = false;window.revapi3 = undefined;if (window.RS_MODULES.checkMinimal!==undefined) window.RS_MODULES.checkMinimal()}\n\t\t\t\t<\/script>\n\t\t\t<\/rs-module-wrap>\n\t\t\t<!-- END REVOLUTION SLIDER -->\n\n<p>[\/vc_column][\/vc_row][vc_row][vc_column]<\/p>\n<p>[vc_empty_space height=&#8221;75px&#8221;]<\/p>\n<p>[\/vc_column][vc_column width=&#8221;1\/3&#8243;][vc_single_image image=&#8221;3718&#8243; img_size=&#8221;200&#215;200&#8243; alignment=&#8221;center&#8221;][\/vc_column][vc_column width=&#8221;1\/3&#8243;][vc_column_text]<\/p>\n<h3><span style=\"color: #00325d;\">Chez One Point Zero nous avons une fascination pour l&#8217;Innovation et les technologiques industrielles. Nous mettons ces avanc\u00e9es au service de l&#8217;imaginaire et naviguons les complexit\u00e9s en nous reposant sur les enseignements tir\u00e9s de centaines de projets \u00e0 succ\u00e8s.<\/span><\/h3>\n<h3><span style=\"color: #a19871;\"><em>Nous sommes absolument focalis\u00e9s sur l&#8217;apport de r\u00e9ponse aux besoins de nos clients.<\/em><\/span><\/h3>\n<p>[\/vc_column_text][\/vc_column][vc_column width=&#8221;1\/3&#8243;][vc_column_text]<\/p>\n<h3 class=\"ewa-rteLine\"><span style=\"color: #00325d;\">Nos \u00e9quipes-projet sont constitu\u00e9es de Business Analysts, Designers, d&#8217;Ing\u00e9nieurs Produits et Process s\u00e9lectionn\u00e9s sp\u00e9cifiquement pour leurs comp\u00e9tences et exp\u00e9riences sur les sujets d&#8217;innovations que nous rencontrons avec nos clients.<\/span><\/h3>\n<div class=\"ewa-rteLine\">\u00a0<\/div>\n<p>[\/vc_column_text][\/vc_column][vc_column]<\/p>\n<p>[vc_empty_space height=&#8221;75px&#8221;]<\/p>\n<p>[\/vc_column][\/vc_row][vc_row equal_height=&#8221;yes&#8221; css=&#8221;.vc_custom_1574955896188{background-image: url(http:\/\/one-pointzero.com\/technology\/wp-content\/uploads\/2019\/11\/onepointzero_horizon-scaled.jpg?id=622) !important;background-position: center !important;background-repeat: no-repeat !important;background-size: cover !important;}&#8221; el_class=&#8221;process-min-height&#8221;][vc_column]<\/p>\n<p>[vc_empty_space height=&#8221;50px&#8221;]\n\t<!-- Element: OT Process -->\n    <div class=\"de_tab tab_steps tab_4 process-bg tabs-square\">\n        <ul class=\"de_nav process-circle-textonly\">\n\t        \t            <li class=\"active wow fadeIn \" data-wow-delay=\"0.4s\">\n\t            \t<span class=\"content-mid\">\n\t            \t\t<div class=\"inner\">\t\t\n\t            \t\t\tAnalyse\t            \t\t<\/div>\n\t            \t<\/span>\t\t        \n\t\t            <div class=\"v-border\"><\/div>\n\t            <\/li>\n\t            \n\t        \t            <li class=\" wow fadeIn \" data-wow-delay=\"0.8s\">\n\t            \t<span class=\"content-mid\">\n\t            \t\t<div class=\"inner\">\t\t\n\t            \t\t\tReview\t            \t\t<\/div>\n\t            \t<\/span>\t\t        \n\t\t            <div class=\"v-border\"><\/div>\n\t            <\/li>\n\t            \n\t        \t            <li class=\" wow fadeIn \" data-wow-delay=\"1.2s\">\n\t            \t<span class=\"content-mid\">\n\t            \t\t<div class=\"inner\">\t\t\n\t            \t\t\tPlan\t            \t\t<\/div>\n\t            \t<\/span>\t\t        \n\t\t            <div class=\"v-border\"><\/div>\n\t            <\/li>\n\t            \n\t        \t            <li class=\" wow fadeIn \" data-wow-delay=\"1.6s\">\n\t            \t<span class=\"content-mid\">\n\t            \t\t<div class=\"inner\">\t\t\n\t            \t\t\tExecute\t            \t\t<\/div>\n\t            \t<\/span>\t\t        \n\t\t            <div class=\"v-border\"><\/div>\n\t            <\/li>\n\t            \n\t                <\/ul>\n\n        <div class=\"de_tab_content\">\n\t        \t            <div id=\"tab-72\" class=\"de_tab_content_inner\">\n\t                <h2><span style=\"color: #ffffff;\">The One Point Zero team internally reviews and considers every aspect of the project. We evaluate how to best service all activities and ensure <strong>nothing is left to chance<\/strong>, establishing a realistic process map to deliver <strong>a practical and sensible schedule of work<\/strong>.<\/span><\/h2>\n\t            <\/div>\n\t        \t            <div id=\"tab-609\" class=\"de_tab_content_inner\">\n\t                <h2><span style=\"color: #ffffff;\"><strong>One Point Zero<\/strong> delivers a <strong>world class service<\/strong>.<\/span><\/h2>\n<h2><span style=\"color: #ffffff;\">We lay a foundation with our clients to truly understand the project. We examine the scope, requirement and architecture of the business opportunity to agree an approach moving forward and <strong>a strategy which all parties are aligned with<\/strong>.<\/span><\/h2>\n\t            <\/div>\n\t        \t            <div id=\"tab-71\" class=\"de_tab_content_inner\">\n\t                <h2><span style=\"color: #ffffff;\">We create a <strong>detailed breakdown<\/strong> of the resource allocation, time frames and assigned team involvement to determine a <strong>predictable and reliable project schedule<\/strong>.<\/span><\/h2>\n\t            <\/div>\n\t        \t            <div id=\"tab-70\" class=\"de_tab_content_inner\">\n\t                <h2><span style=\"color: #ffffff;\"><strong>We are professionals<\/strong> and hold ourselves to the highest standards, <strong>delivering projects on time and on budget<\/strong>.<\/span><br \/>\n<span style=\"color: #ffffff;\">Our designers, engineers, manufacturers and business experts do their job, just as planned, <strong>bringing you to market in confidence<\/strong>.<\/span><\/h2>\n\t            <\/div>\n\t                <\/div>\n    <\/div>\n\n[vc_empty_space height=&#8221;50px&#8221;]<\/p>\n<p>[\/vc_column][\/vc_row][vc_row equal_height=&#8221;yes&#8221; content_placement=&#8221;top&#8221; archi_parallax2=&#8221;yes&#8221; el_class=&#8221;text-dark&#8221; css=&#8221;.vc_custom_1574970283136{padding-top: 100px !important;padding-bottom: 100px !important;background-color: #ffffff !important;}&#8221;][vc_column][vc_column_text el_class=&#8221;font20&#8243;]<\/p>\n<h1 style=\"text-align: center;\"><span style=\"color: #a19871;\">One Point Zero introduit l&#8217;\u00e9tincelle d&#8217;intelligence connect\u00e9e dans les \u00e9quipements qui pr\u00e9figurent le nouvel horizon \u00e9cononique de nos entreprises.<\/span><\/h1>\n<p>[\/vc_column_text][vc_column_text css=&#8221;.vc_custom_1574970863463{padding-right: 15% !important;padding-left: 15% !important;}&#8221;]<\/p>\n<h3 class=\"ewa-rteLine\"><span style=\"color: #00325d;\">One Point Zero est la soci\u00e9t\u00e9 derri\u00e8re de nombreux produits et applications \u00e0 succ\u00e8s.<\/span><\/h3>\n<h3 class=\"ewa-rteLine\"><span style=\"color: #00325d;\">Nous savons que l&#8217;excellence de conception de nos produits est le premier facteur de qualit\u00e9, de r\u00e9duction des co\u00fbts et des d\u00e9lais de commercialisation.<\/span><\/h3>\n<p>[\/vc_column_text][\/vc_column][\/vc_row][vc_row fullwidth=&#8221;yes&#8221; img_halfrow=&#8221;yes&#8221; halfrow_image=&#8221;341&#8243; img_columns=&#8221;6columns&#8221; img_position=&#8221;imgright&#8221; css=&#8221;.vc_custom_1574945472005{background-color: #00315c !important;}&#8221;][vc_column offset=&#8221;vc_col-lg-offset-1 vc_col-lg-4 vc_col-md-offset-1 vc_col-md-4 vc_col-xs-offset-2 vc_col-xs-8&#8243;][vc_column_text]<\/p>\n<h1 style=\"text-align: right;\"><span style=\"color: #ffffff;\">Notre Philosophie<\/span><\/h1>\n<h4 style=\"text-align: right;\"><span style=\"color: #ffffff;\">Notre ma\u00eetrise des m\u00e9thodes de fabrication, notre plateforme technique et expertise logistique \u00e0 l&#8217;\u00e9chelle mondiale contribuent \u00e0 l&#8217;acc\u00e9l\u00e9ration des ambitions de nos clients.<\/span> <span style=\"color: #ffffff;\">En travaillant \u00e0 livre ouvert, nous d\u00e9veloppons naturellement des partenariats dont la transparence totale conduit invariablement \u00e0 des r\u00e9sultats en mode WIN-WIN.<\/span><\/h4>\n<p>[\/vc_column_text][\/vc_column][\/vc_row]<\/p>\n<\/div>","protected":false},"excerpt":{"rendered":"<p>[vc_row][vc_column] [\/vc_column][\/vc_row][vc_row][vc_column] [vc_empty_space height=&#8221;75px&#8221;] [\/vc_column][vc_column width=&#8221;1\/3&#8243;][vc_single_image image=&#8221;3718&#8243; img_size=&#8221;200&#215;200&#8243; alignment=&#8221;center&#8221;][\/vc_column][vc_column width=&#8221;1\/3&#8243;][vc_column_text] Chez One Point Zero nous avons une fascination pour l&#8217;Innovation et les technologiques industrielles. Nous mettons ces avanc\u00e9es au service de l&#8217;imaginaire et naviguons les complexit\u00e9s en nous reposant sur les enseignements tir\u00e9s de centaines de projets \u00e0 succ\u00e8s. Nous sommes absolument focalis\u00e9s sur l&#8217;apport<\/p>\n","protected":false},"author":1,"featured_media":0,"parent":0,"menu_order":0,"comment_status":"closed","ping_status":"closed","template":"page-templates\/template-canvas.php","meta":{"footnotes":""},"class_list":["post-1811","page","type-page","status-publish","hentry"],"yoast_head":"<!-- This site is optimized with the Yoast SEO plugin v27.4 - https:\/\/yoast.com\/product\/yoast-seo-wordpress\/ -->\n<title>Processus - Orientating ourselves around the needs of our customers.<\/title>\n<meta name=\"description\" content=\"Specialists in converting hardware into smartware and introducing new business sectors to alternative economic opportunities.\u200b\" \/>\n<meta name=\"robots\" content=\"index, follow, max-snippet:-1, max-image-preview:large, max-video-preview:-1\" \/>\n<link rel=\"canonical\" href=\"https:\/\/one-pointzero.com\/technology\/processus\/\" \/>\n<meta property=\"og:locale\" content=\"en_US\" \/>\n<meta property=\"og:type\" content=\"article\" \/>\n<meta property=\"og:title\" content=\"Processus - Orientating ourselves around the needs of our customers.\" \/>\n<meta property=\"og:description\" content=\"Specialists in converting hardware into smartware and introducing new business sectors to alternative economic opportunities.\u200b\" \/>\n<meta property=\"og:url\" content=\"https:\/\/one-pointzero.com\/technology\/processus\/?lang=fr\" \/>\n<meta property=\"og:site_name\" content=\"One Point Zero\" \/>\n<meta property=\"article:publisher\" content=\"https:\/\/www.facebook.com\/One-Point-Zero-112737793490914\/\" \/>\n<meta property=\"article:modified_time\" content=\"2020-11-11T18:43:32+00:00\" \/>\n<meta name=\"twitter:card\" content=\"summary_large_image\" \/>\n<meta name=\"twitter:site\" content=\"@One_PointZero\" \/>\n<meta name=\"twitter:label1\" content=\"Est. reading time\" \/>\n\t<meta name=\"twitter:data1\" content=\"2 minutes\" \/>\n<script type=\"application\/ld+json\" class=\"yoast-schema-graph\">{\"@context\":\"https:\\\/\\\/schema.org\",\"@graph\":[{\"@type\":\"WebPage\",\"@id\":\"https:\\\/\\\/one-pointzero.com\\\/technology\\\/processus\\\/?lang=fr\",\"url\":\"https:\\\/\\\/one-pointzero.com\\\/technology\\\/processus\\\/?lang=fr\",\"name\":\"Processus - Orientating ourselves around the needs of our customers.\",\"isPartOf\":{\"@id\":\"https:\\\/\\\/one-pointzero.com\\\/technology\\\/#website\"},\"datePublished\":\"2020-02-13T14:05:43+00:00\",\"dateModified\":\"2020-11-11T18:43:32+00:00\",\"description\":\"Specialists in converting hardware into smartware and introducing new business sectors to alternative economic opportunities.\u200b\",\"breadcrumb\":{\"@id\":\"https:\\\/\\\/one-pointzero.com\\\/technology\\\/processus\\\/?lang=fr#breadcrumb\"},\"inLanguage\":\"en-US\",\"potentialAction\":[{\"@type\":\"ReadAction\",\"target\":[\"https:\\\/\\\/one-pointzero.com\\\/technology\\\/processus\\\/?lang=fr\"]}]},{\"@type\":\"BreadcrumbList\",\"@id\":\"https:\\\/\\\/one-pointzero.com\\\/technology\\\/processus\\\/?lang=fr#breadcrumb\",\"itemListElement\":[{\"@type\":\"ListItem\",\"position\":1,\"name\":\"Home\",\"item\":\"https:\\\/\\\/one-pointzero.com\\\/technology\\\/\"},{\"@type\":\"ListItem\",\"position\":2,\"name\":\"Processus\"}]},{\"@type\":\"WebSite\",\"@id\":\"https:\\\/\\\/one-pointzero.com\\\/technology\\\/#website\",\"url\":\"https:\\\/\\\/one-pointzero.com\\\/technology\\\/\",\"name\":\"One Point Zero\",\"description\":\"Top level production management\",\"publisher\":{\"@id\":\"https:\\\/\\\/one-pointzero.com\\\/technology\\\/#organization\"},\"potentialAction\":[{\"@type\":\"SearchAction\",\"target\":{\"@type\":\"EntryPoint\",\"urlTemplate\":\"https:\\\/\\\/one-pointzero.com\\\/technology\\\/?s={search_term_string}\"},\"query-input\":{\"@type\":\"PropertyValueSpecification\",\"valueRequired\":true,\"valueName\":\"search_term_string\"}}],\"inLanguage\":\"en-US\"},{\"@type\":\"Organization\",\"@id\":\"https:\\\/\\\/one-pointzero.com\\\/technology\\\/#organization\",\"name\":\"One Point Zero\",\"url\":\"https:\\\/\\\/one-pointzero.com\\\/technology\\\/\",\"logo\":{\"@type\":\"ImageObject\",\"inLanguage\":\"en-US\",\"@id\":\"https:\\\/\\\/one-pointzero.com\\\/technology\\\/#\\\/schema\\\/logo\\\/image\\\/\",\"url\":\"https:\\\/\\\/one-pointzero.com\\\/technology\\\/wp-content\\\/uploads\\\/2019\\\/11\\\/1.0-square-colour-logo-01.jpg\",\"contentUrl\":\"https:\\\/\\\/one-pointzero.com\\\/technology\\\/wp-content\\\/uploads\\\/2019\\\/11\\\/1.0-square-colour-logo-01.jpg\",\"width\":2363,\"height\":2363,\"caption\":\"One Point Zero\"},\"image\":{\"@id\":\"https:\\\/\\\/one-pointzero.com\\\/technology\\\/#\\\/schema\\\/logo\\\/image\\\/\"},\"sameAs\":[\"https:\\\/\\\/www.facebook.com\\\/One-Point-Zero-112737793490914\\\/\",\"https:\\\/\\\/x.com\\\/One_PointZero\",\"https:\\\/\\\/www.instagram.com\\\/one_pointzero\\\/\",\"https:\\\/\\\/www.linkedin.com\\\/company\\\/1.0-one-point-zero-\\\/\"]}]}<\/script>\n<!-- \/ Yoast SEO plugin. -->","yoast_head_json":{"title":"Processus - Orientating ourselves around the needs of our customers.","description":"Specialists in converting hardware into smartware and introducing new business sectors to alternative economic opportunities.\u200b","robots":{"index":"index","follow":"follow","max-snippet":"max-snippet:-1","max-image-preview":"max-image-preview:large","max-video-preview":"max-video-preview:-1"},"canonical":"https:\/\/one-pointzero.com\/technology\/processus\/","og_locale":"en_US","og_type":"article","og_title":"Processus - Orientating ourselves around the needs of our customers.","og_description":"Specialists in converting hardware into smartware and introducing new business sectors to alternative economic opportunities.\u200b","og_url":"https:\/\/one-pointzero.com\/technology\/processus\/?lang=fr","og_site_name":"One Point Zero","article_publisher":"https:\/\/www.facebook.com\/One-Point-Zero-112737793490914\/","article_modified_time":"2020-11-11T18:43:32+00:00","twitter_card":"summary_large_image","twitter_site":"@One_PointZero","twitter_misc":{"Est. reading time":"2 minutes"},"schema":{"@context":"https:\/\/schema.org","@graph":[{"@type":"WebPage","@id":"https:\/\/one-pointzero.com\/technology\/processus\/?lang=fr","url":"https:\/\/one-pointzero.com\/technology\/processus\/?lang=fr","name":"Processus - Orientating ourselves around the needs of our customers.","isPartOf":{"@id":"https:\/\/one-pointzero.com\/technology\/#website"},"datePublished":"2020-02-13T14:05:43+00:00","dateModified":"2020-11-11T18:43:32+00:00","description":"Specialists in converting hardware into smartware and introducing new business sectors to alternative economic opportunities.\u200b","breadcrumb":{"@id":"https:\/\/one-pointzero.com\/technology\/processus\/?lang=fr#breadcrumb"},"inLanguage":"en-US","potentialAction":[{"@type":"ReadAction","target":["https:\/\/one-pointzero.com\/technology\/processus\/?lang=fr"]}]},{"@type":"BreadcrumbList","@id":"https:\/\/one-pointzero.com\/technology\/processus\/?lang=fr#breadcrumb","itemListElement":[{"@type":"ListItem","position":1,"name":"Home","item":"https:\/\/one-pointzero.com\/technology\/"},{"@type":"ListItem","position":2,"name":"Processus"}]},{"@type":"WebSite","@id":"https:\/\/one-pointzero.com\/technology\/#website","url":"https:\/\/one-pointzero.com\/technology\/","name":"One Point Zero","description":"Top level production management","publisher":{"@id":"https:\/\/one-pointzero.com\/technology\/#organization"},"potentialAction":[{"@type":"SearchAction","target":{"@type":"EntryPoint","urlTemplate":"https:\/\/one-pointzero.com\/technology\/?s={search_term_string}"},"query-input":{"@type":"PropertyValueSpecification","valueRequired":true,"valueName":"search_term_string"}}],"inLanguage":"en-US"},{"@type":"Organization","@id":"https:\/\/one-pointzero.com\/technology\/#organization","name":"One Point Zero","url":"https:\/\/one-pointzero.com\/technology\/","logo":{"@type":"ImageObject","inLanguage":"en-US","@id":"https:\/\/one-pointzero.com\/technology\/#\/schema\/logo\/image\/","url":"https:\/\/one-pointzero.com\/technology\/wp-content\/uploads\/2019\/11\/1.0-square-colour-logo-01.jpg","contentUrl":"https:\/\/one-pointzero.com\/technology\/wp-content\/uploads\/2019\/11\/1.0-square-colour-logo-01.jpg","width":2363,"height":2363,"caption":"One Point Zero"},"image":{"@id":"https:\/\/one-pointzero.com\/technology\/#\/schema\/logo\/image\/"},"sameAs":["https:\/\/www.facebook.com\/One-Point-Zero-112737793490914\/","https:\/\/x.com\/One_PointZero","https:\/\/www.instagram.com\/one_pointzero\/","https:\/\/www.linkedin.com\/company\/1.0-one-point-zero-\/"]}]}},"_links":{"self":[{"href":"https:\/\/one-pointzero.com\/technology\/wp-json\/wp\/v2\/pages\/1811","targetHints":{"allow":["GET"]}}],"collection":[{"href":"https:\/\/one-pointzero.com\/technology\/wp-json\/wp\/v2\/pages"}],"about":[{"href":"https:\/\/one-pointzero.com\/technology\/wp-json\/wp\/v2\/types\/page"}],"author":[{"embeddable":true,"href":"https:\/\/one-pointzero.com\/technology\/wp-json\/wp\/v2\/users\/1"}],"replies":[{"embeddable":true,"href":"https:\/\/one-pointzero.com\/technology\/wp-json\/wp\/v2\/comments?post=1811"}],"version-history":[{"count":8,"href":"https:\/\/one-pointzero.com\/technology\/wp-json\/wp\/v2\/pages\/1811\/revisions"}],"predecessor-version":[{"id":6986,"href":"https:\/\/one-pointzero.com\/technology\/wp-json\/wp\/v2\/pages\/1811\/revisions\/6986"}],"wp:attachment":[{"href":"https:\/\/one-pointzero.com\/technology\/wp-json\/wp\/v2\/media?parent=1811"}],"curies":[{"name":"wp","href":"https:\/\/api.w.org\/{rel}","templated":true}]}}