{"id":1832,"date":"2019-04-25T10:00:37","date_gmt":"2019-04-25T09:00:37","guid":{"rendered":"https:\/\/one-pointzero.com\/methodes\/"},"modified":"2023-07-13T21:45:13","modified_gmt":"2023-07-13T20:45:13","slug":"prestations-de-service","status":"publish","type":"page","link":"https:\/\/one-pointzero.com\/technology\/prestations-de-service\/?lang=fr","title":{"rendered":"Nos services"},"content":{"rendered":"<div class=\"wpb-content-wrapper\"><p>[vc_row][vc_column]\n\t\t\t<!-- START OPZservices slider REVOLUTION SLIDER 6.7.17 --><p class=\"rs-p-wp-fix\"><\/p>\n\t\t\t<rs-module-wrap id=\"rev_slider_5_1_wrapper\" data-source=\"gallery\" style=\"visibility:hidden;background:transparent;padding:0;margin:0px auto;margin-top:0;margin-bottom:0;\">\n\t\t\t\t<rs-module id=\"rev_slider_5_1\" style=\"\" data-version=\"6.7.17\">\n\t\t\t\t\t<rs-slides style=\"overflow: hidden; position: absolute;\">\n\t\t\t\t\t\t<rs-slide style=\"position: absolute;\" data-key=\"rs-13\" data-title=\"Services - English\" data-duration=\"5000\" data-anim=\"adpr:false;ms:50;\" data-in=\"o:0;\" data-out=\"a:false;\">\n\t\t\t\t\t\t\t<img decoding=\"async\" src=\"\/\/one-pointzero.com\/technology\/wp-content\/plugins\/revslider\/sr6\/assets\/assets\/dummy.png\" alt=\"\" title=\"onepointzero_industry\" width=\"2560\" height=\"1707\" class=\"rev-slidebg tp-rs-img rs-lazyload\" data-lazyload=\"\/\/one-pointzero.com\/technology\/wp-content\/uploads\/2023\/03\/onepointzero_industry-scaled.jpg\" data-no-retina>\n<!--\n\t\t\t\t\t\t\t--><rs-layer\n\t\t\t\t\t\t\t\tid=\"slider-5-slide-13-layer-2\" \n\t\t\t\t\t\t\t\tclass=\"ultra-big-white\"\n\t\t\t\t\t\t\t\tdata-type=\"text\"\n\t\t\t\t\t\t\t\tdata-color=\"#a19871\"\n\t\t\t\t\t\t\t\tdata-rsp_ch=\"on\"\n\t\t\t\t\t\t\t\tdata-xy=\"x:c;xo:-330px,-330px,-330px,5px;y:m;yo:0,0,0,32px;\"\n\t\t\t\t\t\t\t\tdata-text=\"s:50,50,50,30;ls:5px;fw:600;a:center;\"\n\t\t\t\t\t\t\t\tdata-frame_0=\"sX:0.8;sY:0.8;\"\n\t\t\t\t\t\t\t\tdata-frame_1=\"e:easeInOutExpo;sp:0;\"\n\t\t\t\t\t\t\t\tdata-frame_999=\"st:w;sp:400;sR:3200;auto:true;\"\n\t\t\t\t\t\t\t\tstyle=\"z-index:9;font-family:'Montserrat';\"\n\t\t\t\t\t\t\t>Our Services \n\t\t\t\t\t\t\t<\/rs-layer><!--\n\n\t\t\t\t\t\t\t--><rs-layer\n\t\t\t\t\t\t\t\tid=\"slider-5-slide-13-layer-12\" \n\t\t\t\t\t\t\t\tdata-type=\"shape\"\n\t\t\t\t\t\t\t\tdata-rsp_ch=\"on\"\n\t\t\t\t\t\t\t\tdata-xy=\"xo:-251px,-251px,-251px,-102px;y:m;yo:0,0,0,31px;\"\n\t\t\t\t\t\t\t\tdata-text=\"w:normal;s:20,20,20,7;l:0,0,0,9;\"\n\t\t\t\t\t\t\t\tdata-dim=\"w:787px,787px,787px,526px;h:226px,226px,226px,114px;\"\n\t\t\t\t\t\t\t\tdata-frame_0=\"x:0,0,0,0px;y:0,0,0,0px;\"\n\t\t\t\t\t\t\t\tdata-frame_1=\"x:0,0,0,0px;y:0,0,0,0px;sp:0;\"\n\t\t\t\t\t\t\t\tdata-frame_999=\"o:0;st:w;sp:400;sR:4700;\"\n\t\t\t\t\t\t\t\tstyle=\"z-index:8;background-color:rgba(255,255,255,0.75);\"\n\t\t\t\t\t\t\t> \n\t\t\t\t\t\t\t<\/rs-layer><!--\n-->\t\t\t\t\t<\/rs-slide>\n\t\t\t\t\t<\/rs-slides>\n\t\t\t\t<\/rs-module>\n\t\t\t\t<script>\n\t\t\t\t\tsetREVStartSize({c: 'rev_slider_5_1',rl:[1240,1240,1240,480],el:[500,500,500,300],gw:[1170,1170,1170,480],gh:[500,500,500,300],type:'hero',justify:'',layout:'fullwidth',mh:\"0\"});if (window.RS_MODULES!==undefined && window.RS_MODULES.modules!==undefined && window.RS_MODULES.modules[\"revslider51\"]!==undefined) {window.RS_MODULES.modules[\"revslider51\"].once = false;window.revapi5 = undefined;if (window.RS_MODULES.checkMinimal!==undefined) window.RS_MODULES.checkMinimal()}\n\t\t\t\t<\/script>\n\t\t\t<\/rs-module-wrap>\n\t\t\t<!-- END REVOLUTION SLIDER -->\n[\/vc_column][\/vc_row][vc_row][vc_column offset=&#8221;vc_col-lg-offset-0 vc_col-lg-12 vc_col-md-offset-0 vc_col-md-12 vc_col-sm-offset-0 vc_col-xs-offset-1 vc_col-xs-11&#8243; css=&#8221;.vc_custom_1651084476794{padding: 30px !important;}&#8221;][vc_empty_space height=&#8221;75px&#8221;][vc_column_text css=&#8221;.vc_custom_1575019338289{padding-top: 30px !important;}&#8221;]<\/p>\n<h1 style=\"text-align: center;\"><span style=\"color: #a19871;\"><strong>Excellent design rimme avec excellent business<\/strong><\/span><\/h1>\n<p>[\/vc_column_text][vc_column_text css=&#8221;.vc_custom_1575019377251{padding-top: 30px !important;}&#8221;]<\/p>\n<h3><span style=\"color: #00325d;\">One Point Zero ce sont des experts en qualit\u00e9, &#8220;design to cost&#8221;, optimisation des d\u00e9lais. Nous maitrisons les leviers qui permettent \u00e0 nos clients de cr\u00e9er des produits qui se d\u00e9marquent par leur design et leur excellence technique.<\/span><\/h3>\n<p>[\/vc_column_text][vc_column_text]<\/p>\n<h2 style=\"text-align: left;\"><span style=\"color: #a19871;\"><em>Nous mettons en oeuvre les strat\u00e9gies de nos clients et donnons vie aux id\u00e9es qui contribuent au succ\u00e8s durable de l&#8217;entreprise.<\/em><\/span><\/h2>\n<p>[\/vc_column_text][\/vc_column][\/vc_row][vc_row equal_height=&#8221;yes&#8221;][vc_column width=&#8221;1\/3&#8243; offset=&#8221;vc_col-md-4&#8243;][vc_single_image image=&#8221;1644&#8243; img_size=&#8221;150&#215;150&#8243; alignment=&#8221;center&#8221; css=&#8221;.vc_custom_1574940840458{margin-bottom: 0px !important;}&#8221;][vc_empty_space][vc_column_text]<\/p>\n<h4><span style=\"color: #00325d;\"><strong>1. Analyse et planification<\/strong><\/span><\/h4>\n<p>[\/vc_column_text][vc_column_text css=&#8221;.vc_custom_1582740797964{margin-bottom: 0px !important;}&#8221;]<\/p>\n<h4>La proximit\u00e9 du march\u00e9, l&#8217;analyse des retours de nos clients nous assurent une compr\u00e9hension approfondie des besoins contemporains. Sur la base des conclusions de nos recherches nous cr\u00e9ons une strat\u00e9gie produit r\u00e9pondant aux exigences du march\u00e9 et planifions nos activit\u00e9s en phase avec les besoins de d\u00e9veloppement de nos clients.<\/h4>\n<p>[\/vc_column_text][\/vc_column][vc_column width=&#8221;1\/3&#8243;][vc_single_image image=&#8221;1642&#8243; img_size=&#8221;150&#215;150&#8243; alignment=&#8221;center&#8221; css=&#8221;.vc_custom_1574940897054{margin-bottom: 0px !important;}&#8221;][vc_empty_space][vc_column_text]<\/p>\n<h4><span style=\"color: #00325d;\"><strong>2. Design et ing\u00e9nierie<\/strong><\/span><\/h4>\n<p>[\/vc_column_text][vc_column_text]<\/p>\n<h4>Notre exp\u00e9rience dans l&#8217;industrie signifie que nous connaissons les pi\u00e8ges. Avec une attention m\u00e9ticuleuse aux d\u00e9tails, nous concevons et d\u00e9veloppons des produits innovants qui font la diff\u00e9rence. Notre expertise s&#8217;\u00e9tend du style industriel \u00e0 la m\u00e9canique, l&#8217;\u00e9lectrotechnique, l&#8217;\u00e9lectronique et le d\u00e9veloppement de logiciels, le conditionnement et le packaging. Dans un processus it\u00e9ratif, la fa\u00e7on dont nous travaillons signifie que les exigences de production sont prises en compte d\u00e8s le premier jour.<\/h4>\n<p>[\/vc_column_text][\/vc_column][vc_column width=&#8221;1\/3&#8243;][vc_single_image image=&#8221;1636&#8243; img_size=&#8221;150&#215;150&#8243; alignment=&#8221;center&#8221; css=&#8221;.vc_custom_1574940916035{margin-bottom: 0px !important;}&#8221;][vc_empty_space][vc_column_text]<\/p>\n<h4><span style=\"color: #00325d;\"><strong>3. Industrialisation<\/strong><\/span><\/h4>\n<p>[\/vc_column_text][vc_column_text]<\/p>\n<h4>La conception et la documentation d\u00e9taill\u00e9es des produits sont le point de d\u00e9part \u00e0 la mise en place de la production industrielle. La solidit\u00e9 de ce maillon est essentielle afind d&#8217;assurer une parfaite int\u00e9gration du produit et sa performance dans les plateformes de services de nos clients.<\/h4>\n<p>[\/vc_column_text][\/vc_column][\/vc_row][vc_row][vc_column][vc_empty_space height=&#8221;20px&#8221;][\/vc_column][\/vc_row][vc_row css=&#8221;.vc_custom_1574859627991{padding-top: 30px !important;}&#8221;][vc_column width=&#8221;1\/3&#8243;][vc_single_image image=&#8221;1638&#8243; img_size=&#8221;150&#215;150&#8243; alignment=&#8221;center&#8221; css=&#8221;.vc_custom_1574940938153{margin-bottom: 0px !important;}&#8221;][vc_empty_space][vc_column_text]<\/p>\n<h4><span style=\"color: #00325d;\"><strong>4. Int\u00e9gration et test<\/strong><\/span><\/h4>\n<p>[\/vc_column_text][vc_column_text]<\/p>\n<h4>Une exp\u00e9rience utilisateur optimale passe par l&#8217;int\u00e9gration parfaite entre le mat\u00e9riel &#8220;hard&#8221; et le logiciel &#8220;soft&#8221;. Nous soumettons tous nos produits \u00e0 un r\u00e9gime extr\u00eamement exigent de tests, sur banc, en environnement contr\u00f4l\u00e9 et environnement r\u00e9el afin de garantir la performance de vos produits, dans la vie r\u00e9elle, aux mains de vos clients.<\/h4>\n<p>[\/vc_column_text][\/vc_column][vc_column width=&#8221;1\/3&#8243;][vc_single_image image=&#8221;1634&#8243; img_size=&#8221;150&#215;150&#8243; alignment=&#8221;center&#8221; css=&#8221;.vc_custom_1574940953831{margin-bottom: 0px !important;}&#8221;][vc_empty_space][vc_column_text]<\/p>\n<h4><span style=\"color: #00325d;\"><strong>5. Production et gestion de la cha\u00eene d&#8217;approvisionnement<\/strong><\/span><\/h4>\n<p>[\/vc_column_text][vc_column_text]<\/p>\n<h4>One Point Zero met \u00e0 disposition des ses clients un r\u00e9seau international de producteurs, sous-traitants, fournisseurs dont les points d&#8217;acc\u00e8s sont nos centres d&#8217;innovation \u00e0 Londres, Berlin, Hong Kong et Shenzhen. Avec notre r\u00e9seau et notre vaste exp\u00e9rience dans la gestion de l&#8217;ensemble des processus de fabrication des produits, nous garantissons une cha\u00eene d&#8217;approvisionnement fiable et audit\u00e9e. Nous travaillons \u00e0 livre ouvert avec nos clients et cette transparence nous permet de focaliser nos ressources sur le rendement et l&#8217;efficacit\u00e9.<\/h4>\n<p>[\/vc_column_text][\/vc_column][vc_column width=&#8221;1\/3&#8243;][vc_single_image image=&#8221;1640&#8243; img_size=&#8221;150&#215;150&#8243; alignment=&#8221;center&#8221; css=&#8221;.vc_custom_1574940970539{margin-bottom: 0px !important;}&#8221;][vc_empty_space][vc_column_text]<\/p>\n<h4><span style=\"color: #00325d;\"><strong>6. Personnalisation<\/strong><\/span><\/h4>\n<p>[\/vc_column_text][vc_column_text]<\/p>\n<h4 class=\"ewa-rteLine\">L&#8217;\u00e9quipe One Point Zero met \u00e0 votre disposition sa plateforme internationale et ses solutions de logistique internationale.<\/h4>\n<h4 class=\"ewa-rteLine\">L&#8217;engagement avec One Point Zero c&#8217;est pour nos clients la possibilit\u00e9 de personnaliser toutes les r\u00e9f\u00e9rences produits pour satisfaire aux besoins uniques de chacun de leurs march\u00e9s. C&#8217;est aussi l&#8217;assurance d&#8217;une tra\u00e7abilit\u00e9 parfaite synonyme de tranquilit\u00e9 d&#8217;esprit.<\/h4>\n<p>[\/vc_column_text][\/vc_column][\/vc_row][vc_row img_halfrow=&#8221;yes&#8221; halfrow_image=&#8221;383&#8243; img_columns=&#8221;6columns&#8221; img_position=&#8221;imgleft&#8221; css=&#8221;.vc_custom_1574943648912{background-color: #f2f2f2 !important;}&#8221;][vc_column offset=&#8221;vc_col-lg-offset-7 vc_col-lg-5 vc_col-md-offset-7 vc_col-md-5 vc_col-xs-offset-1 vc_col-xs-8&#8243;][vc_column_text]<\/p>\n<h3 style=\"text-align: left;\"><span style=\"color: #00325d;\">Notre pr\u00e9sence aux c\u00f4t\u00e9s de nos clients et notre engagement commercial accroient l&#8217;\u00e9tendue de vos possibliti\u00e9s.<\/span><\/h3>\n<p>[\/vc_column_text][vc_btn title=&#8221;NOTRE PROCESS&#8221; style=&#8221;outline-custom&#8221; outline_custom_color=&#8221;#00325d&#8221; outline_custom_hover_background=&#8221;#00325d&#8221; outline_custom_hover_text=&#8221;#ffffff&#8221; shape=&#8221;square&#8221; align=&#8221;left&#8221; i_align=&#8221;right&#8221; i_icon_fontawesome=&#8221;&#8221; add_icon=&#8221;true&#8221; link=&#8221;url:https%3A%2F%2Fone-pointzero.com%2Ftechnology%2Fprocessus%2F%3Flang%3Dfr|title:Notre%20Process|&#8221;][\/vc_column][\/vc_row]<\/p>\n<\/div>","protected":false},"excerpt":{"rendered":"<p>[vc_row][vc_column][\/vc_column][\/vc_row][vc_row][vc_column offset=&#8221;vc_col-lg-offset-0 vc_col-lg-12 vc_col-md-offset-0 vc_col-md-12 vc_col-sm-offset-0 vc_col-xs-offset-1 vc_col-xs-11&#8243; css=&#8221;.vc_custom_1651084476794{padding: 30px !important;}&#8221;][vc_empty_space height=&#8221;75px&#8221;][vc_column_text css=&#8221;.vc_custom_1575019338289{padding-top: 30px !important;}&#8221;] Excellent design rimme avec excellent business [\/vc_column_text][vc_column_text css=&#8221;.vc_custom_1575019377251{padding-top: 30px !important;}&#8221;] One Point Zero ce sont des experts en qualit\u00e9, &#8220;design to cost&#8221;, optimisation des d\u00e9lais. Nous maitrisons les leviers qui permettent \u00e0 nos clients de cr\u00e9er des produits qui se<\/p>\n","protected":false},"author":1,"featured_media":0,"parent":0,"menu_order":0,"comment_status":"closed","ping_status":"closed","template":"page-templates\/template-canvas.php","meta":{"footnotes":""},"class_list":["post-1832","page","type-page","status-publish","hentry"],"yoast_head":"<!-- This site is optimized with the Yoast SEO plugin v27.4 - https:\/\/yoast.com\/product\/yoast-seo-wordpress\/ -->\n<title>Nos services - Creating value that sustainably contributes to business success.<\/title>\n<meta name=\"description\" content=\"We recognise the value of excellent technical product design and help our customers optimise quality, cost, and time-to-market challenges.\" \/>\n<meta name=\"robots\" content=\"index, follow, max-snippet:-1, max-image-preview:large, max-video-preview:-1\" \/>\n<link rel=\"canonical\" href=\"https:\/\/one-pointzero.com\/technology\/prestations-de-service\/\" \/>\n<meta property=\"og:locale\" content=\"en_US\" \/>\n<meta property=\"og:type\" content=\"article\" \/>\n<meta property=\"og:title\" content=\"Nos services - Creating value that sustainably contributes to business success.\" \/>\n<meta property=\"og:description\" content=\"We recognise the value of excellent technical product design and help our customers optimise quality, cost, and time-to-market challenges.\" \/>\n<meta property=\"og:url\" content=\"https:\/\/one-pointzero.com\/technology\/prestations-de-service\/?lang=fr\" \/>\n<meta property=\"og:site_name\" content=\"One Point Zero\" \/>\n<meta property=\"article:publisher\" content=\"https:\/\/www.facebook.com\/One-Point-Zero-112737793490914\/\" \/>\n<meta property=\"article:modified_time\" content=\"2023-07-13T20:45:13+00:00\" \/>\n<meta name=\"twitter:card\" content=\"summary_large_image\" \/>\n<meta name=\"twitter:site\" content=\"@One_PointZero\" \/>\n<meta name=\"twitter:label1\" content=\"Est. reading time\" \/>\n\t<meta name=\"twitter:data1\" content=\"5 minutes\" \/>\n<script type=\"application\/ld+json\" class=\"yoast-schema-graph\">{\"@context\":\"https:\\\/\\\/schema.org\",\"@graph\":[{\"@type\":\"WebPage\",\"@id\":\"https:\\\/\\\/one-pointzero.com\\\/technology\\\/prestations-de-service\\\/?lang=fr\",\"url\":\"https:\\\/\\\/one-pointzero.com\\\/technology\\\/prestations-de-service\\\/?lang=fr\",\"name\":\"Nos services - Creating value that sustainably contributes to business success.\",\"isPartOf\":{\"@id\":\"https:\\\/\\\/one-pointzero.com\\\/technology\\\/#website\"},\"datePublished\":\"2019-04-25T09:00:37+00:00\",\"dateModified\":\"2023-07-13T20:45:13+00:00\",\"description\":\"We recognise the value of excellent technical product design and help our customers optimise quality, cost, and time-to-market challenges.\",\"breadcrumb\":{\"@id\":\"https:\\\/\\\/one-pointzero.com\\\/technology\\\/prestations-de-service\\\/?lang=fr#breadcrumb\"},\"inLanguage\":\"en-US\",\"potentialAction\":[{\"@type\":\"ReadAction\",\"target\":[\"https:\\\/\\\/one-pointzero.com\\\/technology\\\/prestations-de-service\\\/?lang=fr\"]}]},{\"@type\":\"BreadcrumbList\",\"@id\":\"https:\\\/\\\/one-pointzero.com\\\/technology\\\/prestations-de-service\\\/?lang=fr#breadcrumb\",\"itemListElement\":[{\"@type\":\"ListItem\",\"position\":1,\"name\":\"Home\",\"item\":\"https:\\\/\\\/one-pointzero.com\\\/technology\\\/\"},{\"@type\":\"ListItem\",\"position\":2,\"name\":\"Nos services\"}]},{\"@type\":\"WebSite\",\"@id\":\"https:\\\/\\\/one-pointzero.com\\\/technology\\\/#website\",\"url\":\"https:\\\/\\\/one-pointzero.com\\\/technology\\\/\",\"name\":\"One Point Zero\",\"description\":\"Top level production management\",\"publisher\":{\"@id\":\"https:\\\/\\\/one-pointzero.com\\\/technology\\\/#organization\"},\"potentialAction\":[{\"@type\":\"SearchAction\",\"target\":{\"@type\":\"EntryPoint\",\"urlTemplate\":\"https:\\\/\\\/one-pointzero.com\\\/technology\\\/?s={search_term_string}\"},\"query-input\":{\"@type\":\"PropertyValueSpecification\",\"valueRequired\":true,\"valueName\":\"search_term_string\"}}],\"inLanguage\":\"en-US\"},{\"@type\":\"Organization\",\"@id\":\"https:\\\/\\\/one-pointzero.com\\\/technology\\\/#organization\",\"name\":\"One Point Zero\",\"url\":\"https:\\\/\\\/one-pointzero.com\\\/technology\\\/\",\"logo\":{\"@type\":\"ImageObject\",\"inLanguage\":\"en-US\",\"@id\":\"https:\\\/\\\/one-pointzero.com\\\/technology\\\/#\\\/schema\\\/logo\\\/image\\\/\",\"url\":\"https:\\\/\\\/one-pointzero.com\\\/technology\\\/wp-content\\\/uploads\\\/2019\\\/11\\\/1.0-square-colour-logo-01.jpg\",\"contentUrl\":\"https:\\\/\\\/one-pointzero.com\\\/technology\\\/wp-content\\\/uploads\\\/2019\\\/11\\\/1.0-square-colour-logo-01.jpg\",\"width\":2363,\"height\":2363,\"caption\":\"One Point Zero\"},\"image\":{\"@id\":\"https:\\\/\\\/one-pointzero.com\\\/technology\\\/#\\\/schema\\\/logo\\\/image\\\/\"},\"sameAs\":[\"https:\\\/\\\/www.facebook.com\\\/One-Point-Zero-112737793490914\\\/\",\"https:\\\/\\\/x.com\\\/One_PointZero\",\"https:\\\/\\\/www.instagram.com\\\/one_pointzero\\\/\",\"https:\\\/\\\/www.linkedin.com\\\/company\\\/1.0-one-point-zero-\\\/\"]}]}<\/script>\n<!-- \/ Yoast SEO plugin. -->","yoast_head_json":{"title":"Nos services - Creating value that sustainably contributes to business success.","description":"We recognise the value of excellent technical product design and help our customers optimise quality, cost, and time-to-market challenges.","robots":{"index":"index","follow":"follow","max-snippet":"max-snippet:-1","max-image-preview":"max-image-preview:large","max-video-preview":"max-video-preview:-1"},"canonical":"https:\/\/one-pointzero.com\/technology\/prestations-de-service\/","og_locale":"en_US","og_type":"article","og_title":"Nos services - Creating value that sustainably contributes to business success.","og_description":"We recognise the value of excellent technical product design and help our customers optimise quality, cost, and time-to-market challenges.","og_url":"https:\/\/one-pointzero.com\/technology\/prestations-de-service\/?lang=fr","og_site_name":"One Point Zero","article_publisher":"https:\/\/www.facebook.com\/One-Point-Zero-112737793490914\/","article_modified_time":"2023-07-13T20:45:13+00:00","twitter_card":"summary_large_image","twitter_site":"@One_PointZero","twitter_misc":{"Est. reading time":"5 minutes"},"schema":{"@context":"https:\/\/schema.org","@graph":[{"@type":"WebPage","@id":"https:\/\/one-pointzero.com\/technology\/prestations-de-service\/?lang=fr","url":"https:\/\/one-pointzero.com\/technology\/prestations-de-service\/?lang=fr","name":"Nos services - Creating value that sustainably contributes to business success.","isPartOf":{"@id":"https:\/\/one-pointzero.com\/technology\/#website"},"datePublished":"2019-04-25T09:00:37+00:00","dateModified":"2023-07-13T20:45:13+00:00","description":"We recognise the value of excellent technical product design and help our customers optimise quality, cost, and time-to-market challenges.","breadcrumb":{"@id":"https:\/\/one-pointzero.com\/technology\/prestations-de-service\/?lang=fr#breadcrumb"},"inLanguage":"en-US","potentialAction":[{"@type":"ReadAction","target":["https:\/\/one-pointzero.com\/technology\/prestations-de-service\/?lang=fr"]}]},{"@type":"BreadcrumbList","@id":"https:\/\/one-pointzero.com\/technology\/prestations-de-service\/?lang=fr#breadcrumb","itemListElement":[{"@type":"ListItem","position":1,"name":"Home","item":"https:\/\/one-pointzero.com\/technology\/"},{"@type":"ListItem","position":2,"name":"Nos services"}]},{"@type":"WebSite","@id":"https:\/\/one-pointzero.com\/technology\/#website","url":"https:\/\/one-pointzero.com\/technology\/","name":"One Point Zero","description":"Top level production management","publisher":{"@id":"https:\/\/one-pointzero.com\/technology\/#organization"},"potentialAction":[{"@type":"SearchAction","target":{"@type":"EntryPoint","urlTemplate":"https:\/\/one-pointzero.com\/technology\/?s={search_term_string}"},"query-input":{"@type":"PropertyValueSpecification","valueRequired":true,"valueName":"search_term_string"}}],"inLanguage":"en-US"},{"@type":"Organization","@id":"https:\/\/one-pointzero.com\/technology\/#organization","name":"One Point Zero","url":"https:\/\/one-pointzero.com\/technology\/","logo":{"@type":"ImageObject","inLanguage":"en-US","@id":"https:\/\/one-pointzero.com\/technology\/#\/schema\/logo\/image\/","url":"https:\/\/one-pointzero.com\/technology\/wp-content\/uploads\/2019\/11\/1.0-square-colour-logo-01.jpg","contentUrl":"https:\/\/one-pointzero.com\/technology\/wp-content\/uploads\/2019\/11\/1.0-square-colour-logo-01.jpg","width":2363,"height":2363,"caption":"One Point Zero"},"image":{"@id":"https:\/\/one-pointzero.com\/technology\/#\/schema\/logo\/image\/"},"sameAs":["https:\/\/www.facebook.com\/One-Point-Zero-112737793490914\/","https:\/\/x.com\/One_PointZero","https:\/\/www.instagram.com\/one_pointzero\/","https:\/\/www.linkedin.com\/company\/1.0-one-point-zero-\/"]}]}},"_links":{"self":[{"href":"https:\/\/one-pointzero.com\/technology\/wp-json\/wp\/v2\/pages\/1832","targetHints":{"allow":["GET"]}}],"collection":[{"href":"https:\/\/one-pointzero.com\/technology\/wp-json\/wp\/v2\/pages"}],"about":[{"href":"https:\/\/one-pointzero.com\/technology\/wp-json\/wp\/v2\/types\/page"}],"author":[{"embeddable":true,"href":"https:\/\/one-pointzero.com\/technology\/wp-json\/wp\/v2\/users\/1"}],"replies":[{"embeddable":true,"href":"https:\/\/one-pointzero.com\/technology\/wp-json\/wp\/v2\/comments?post=1832"}],"version-history":[{"count":52,"href":"https:\/\/one-pointzero.com\/technology\/wp-json\/wp\/v2\/pages\/1832\/revisions"}],"predecessor-version":[{"id":9086,"href":"https:\/\/one-pointzero.com\/technology\/wp-json\/wp\/v2\/pages\/1832\/revisions\/9086"}],"wp:attachment":[{"href":"https:\/\/one-pointzero.com\/technology\/wp-json\/wp\/v2\/media?parent=1832"}],"curies":[{"name":"wp","href":"https:\/\/api.w.org\/{rel}","templated":true}]}}